{"id":100,"date":"2011-05-21T08:26:39","date_gmt":"2011-05-21T08:26:39","guid":{"rendered":"http:\/\/seidenbuch-odw.de\/blog\/?page_id=100"},"modified":"2022-05-29T16:02:13","modified_gmt":"2022-05-29T16:02:13","slug":"test","status":"publish","type":"page","link":"http:\/\/seidenbuch-odw.de\/?page_id=100","title":{"rendered":"MGV Seidenbuch"},"content":{"rendered":"<h1>MGV Seidenbuch<\/h1>\n<p><a href=\"http:\/\/seidenbuch-odw.de\/wp-content\/uploads\/2011\/05\/maenner_gesangsverein1.jpg\" rel=\"lightbox[100]\"><img loading=\"lazy\" decoding=\"async\" class=\"alignleft size-thumbnail wp-image-176\" title=\"Der MGV Liederkranz Seidenbuch\" src=\"http:\/\/seidenbuch-odw.de\/wp-content\/uploads\/2011\/05\/maenner_gesangsverein1-150x150.jpg\" alt=\"\" width=\"150\" height=\"150\" \/><\/a>Es war im Jahre 1898 an einem Sonntag des Monats M\u00e4rz anl\u00e4sslich einer Kegelgesellschaft in der Wirtschaft von Adam Fleischmann, wobei immer die alten Volkslieder gesungen wurden, als die Gr\u00fcndung eines Gesangvereins f\u00fcr Seidenbuch beschlossen wurde. In dieser Gr\u00fcndungsversammlung wurde der Gesangverein \u201eLiederkranz\u201c geboren. 1902 wurde eine Vereinsfahne beschafft. Der Fahnenspruch lautet: \u201eIn Freud und Leid zum Lied bereit.\u201c<\/p>\n<p>Vor \u00fcber 110 Jahren gegr\u00fcndet, hat sich dieser Verein als besonderes Ziel gesetzt, das deutsche Lied und die Musik zu pflegen und zu f\u00f6rdern. Ein besonderes Anliegen ist ihm, die Jugend wieder mehr f\u00fcr diese kulturelle Sparte zu gewinnen.<\/p>\n<p>Ein Fest oder eine Feier ohne die Mitwirkung des \u201eLiederkranzes\u201c ist in Seidenbuch nicht denkbar, nach wie vor werden viele S\u00e4ngerfeste besucht und Liederabende veranstaltet. . H\u00f6hepunkte im Vereinsleben waren die Jubl\u00e4umsfeiern anl\u00e4sslich des 50-, 75- und 100-j\u00e4hrigen Bestehens. Geleitet wird der Verein vom Dirigenten Sebastian Steinmetz.<\/p>\n","protected":false},"excerpt":{"rendered":"<p>MGV Seidenbuch Es war im Jahre 1898 an einem Sonntag des Monats M\u00e4rz anl\u00e4sslich einer Kegelgesellschaft in der Wirtschaft von Adam Fleischmann, wobei immer die alten Volkslieder gesungen wurden, als die Gr\u00fcndung eines Gesangvereins f\u00fcr Seidenbuch beschlossen wurde. In dieser &hellip; <a href=\"http:\/\/seidenbuch-odw.de\/?page_id=100\">Weiterlesen <span class=\"meta-nav\">&rarr;<\/span><\/a><\/p>\n","protected":false},"author":1,"featured_media":0,"parent":21,"menu_order":0,"comment_status":"open","ping_status":"open","template":"","meta":{"footnotes":""},"class_list":["post-100","page","type-page","status-publish","hentry"],"_links":{"self":[{"href":"http:\/\/seidenbuch-odw.de\/index.php?rest_route=\/wp\/v2\/pages\/100","targetHints":{"allow":["GET"]}}],"collection":[{"href":"http:\/\/seidenbuch-odw.de\/index.php?rest_route=\/wp\/v2\/pages"}],"about":[{"href":"http:\/\/seidenbuch-odw.de\/index.php?rest_route=\/wp\/v2\/types\/page"}],"author":[{"embeddable":true,"href":"http:\/\/seidenbuch-odw.de\/index.php?rest_route=\/wp\/v2\/users\/1"}],"replies":[{"embeddable":true,"href":"http:\/\/seidenbuch-odw.de\/index.php?rest_route=%2Fwp%2Fv2%2Fcomments&post=100"}],"version-history":[{"count":6,"href":"http:\/\/seidenbuch-odw.de\/index.php?rest_route=\/wp\/v2\/pages\/100\/revisions"}],"predecessor-version":[{"id":2613,"href":"http:\/\/seidenbuch-odw.de\/index.php?rest_route=\/wp\/v2\/pages\/100\/revisions\/2613"}],"up":[{"embeddable":true,"href":"http:\/\/seidenbuch-odw.de\/index.php?rest_route=\/wp\/v2\/pages\/21"}],"wp:attachment":[{"href":"http:\/\/seidenbuch-odw.de\/index.php?rest_route=%2Fwp%2Fv2%2Fmedia&parent=100"}],"curies":[{"name":"wp","href":"https:\/\/api.w.org\/{rel}","templated":true}]}}