{"id":103,"date":"2011-05-21T08:27:33","date_gmt":"2011-05-21T08:27:33","guid":{"rendered":"http:\/\/seidenbuch-odw.de\/blog\/?page_id=103"},"modified":"2011-05-31T09:34:04","modified_gmt":"2011-05-31T09:34:04","slug":"verein-2","status":"publish","type":"page","link":"http:\/\/seidenbuch-odw.de\/?page_id=103","title":{"rendered":"Die SG Seidenbuch"},"content":{"rendered":"<p>Mit 148 Mitgliedern ist dies der gr\u00f6\u00dfte Verein in Seidenbuch.<\/p>\n<p>1953  von sportlich interessierten B\u00fcrgern gegr\u00fcndet, mussten die  Aktiven  aber noch einige Jahre nach Gadernheim fahren, um auf dem  dortigen Platz  Sport treiben zu k\u00f6nnen. Mit Hilfe amerikanischer  Soldaten, aber auch  durch Unterst\u00fctzung von Totomitteln und  Sportverb\u00e4nden auf Landesebene  wurde begonnen, eine eigene Sportanlage  zu erstellen, die 1957 fertig  gestellt werden konnte.<\/p>\n<p>Auf keinen Fall  darf dabei auch die Eigeninitiative der Seidenbucher  B\u00fcrger und dem  sp\u00e4teren B\u00fcrgermeister Werner Kiltz vergessen werden.  Sie schufen eine  Anlage, die zu den sch\u00f6nsten im Odenwald geh\u00f6rt.<\/p>\n<p>Die SG Seidenbuch vereint folgende Aktivit\u00e4ten:<\/p>\n<ul>\n<li>Boule<\/li>\n<li>Damengymnastikgruppe<\/li>\n<li>Hobby- und Freizeitkicker<\/li>\n<li>Lauftreff<\/li>\n<li>Tanzgruppe<\/li>\n<li>Tischtennis<\/li>\n<\/ul>\n","protected":false},"excerpt":{"rendered":"<p>Mit 148 Mitgliedern ist dies der gr\u00f6\u00dfte Verein in Seidenbuch. 1953 von sportlich interessierten B\u00fcrgern gegr\u00fcndet, mussten die Aktiven aber noch einige Jahre nach Gadernheim fahren, um auf dem dortigen Platz Sport treiben zu k\u00f6nnen. Mit Hilfe amerikanischer Soldaten, aber &hellip; <a href=\"http:\/\/seidenbuch-odw.de\/?page_id=103\">Weiterlesen <span class=\"meta-nav\">&rarr;<\/span><\/a><\/p>\n","protected":false},"author":1,"featured_media":0,"parent":21,"menu_order":0,"comment_status":"open","ping_status":"open","template":"","meta":{"footnotes":""},"class_list":["post-103","page","type-page","status-publish","hentry"],"_links":{"self":[{"href":"http:\/\/seidenbuch-odw.de\/index.php?rest_route=\/wp\/v2\/pages\/103","targetHints":{"allow":["GET"]}}],"collection":[{"href":"http:\/\/seidenbuch-odw.de\/index.php?rest_route=\/wp\/v2\/pages"}],"about":[{"href":"http:\/\/seidenbuch-odw.de\/index.php?rest_route=\/wp\/v2\/types\/page"}],"author":[{"embeddable":true,"href":"http:\/\/seidenbuch-odw.de\/index.php?rest_route=\/wp\/v2\/users\/1"}],"replies":[{"embeddable":true,"href":"http:\/\/seidenbuch-odw.de\/index.php?rest_route=%2Fwp%2Fv2%2Fcomments&post=103"}],"version-history":[{"count":5,"href":"http:\/\/seidenbuch-odw.de\/index.php?rest_route=\/wp\/v2\/pages\/103\/revisions"}],"predecessor-version":[{"id":487,"href":"http:\/\/seidenbuch-odw.de\/index.php?rest_route=\/wp\/v2\/pages\/103\/revisions\/487"}],"up":[{"embeddable":true,"href":"http:\/\/seidenbuch-odw.de\/index.php?rest_route=\/wp\/v2\/pages\/21"}],"wp:attachment":[{"href":"http:\/\/seidenbuch-odw.de\/index.php?rest_route=%2Fwp%2Fv2%2Fmedia&parent=103"}],"curies":[{"name":"wp","href":"https:\/\/api.w.org\/{rel}","templated":true}]}}