{"id":21,"date":"2011-05-20T20:27:35","date_gmt":"2011-05-20T20:27:35","guid":{"rendered":"http:\/\/seidenbuch-odw.de\/blog\/?page_id=21"},"modified":"2011-05-25T11:01:54","modified_gmt":"2011-05-25T11:01:54","slug":"vereine","status":"publish","type":"page","link":"http:\/\/seidenbuch-odw.de\/?page_id=21","title":{"rendered":"Vereine"},"content":{"rendered":"<p>Seidenbuchs Vereine bieten eine Vielzahl spannender Freizeitaktivit\u00e4ten f\u00fcr gro\u00df und klein, jung und alt \u2013 f\u00fcr jeden ist etwas passendes dabei. Informieren Sie sich auf diesen Seiten, welche M\u00f6glichkeiten Ihnen Seidenbuch bietet.<\/p>\n","protected":false},"excerpt":{"rendered":"<p>Seidenbuchs Vereine bieten eine Vielzahl spannender Freizeitaktivit\u00e4ten f\u00fcr gro\u00df und klein, jung und alt \u2013 f\u00fcr jeden ist etwas passendes dabei. Informieren Sie sich auf diesen Seiten, welche M\u00f6glichkeiten Ihnen Seidenbuch bietet.<\/p>\n","protected":false},"author":1,"featured_media":0,"parent":0,"menu_order":2,"comment_status":"open","ping_status":"closed","template":"","meta":{"footnotes":""},"class_list":["post-21","page","type-page","status-publish","hentry"],"_links":{"self":[{"href":"http:\/\/seidenbuch-odw.de\/index.php?rest_route=\/wp\/v2\/pages\/21","targetHints":{"allow":["GET"]}}],"collection":[{"href":"http:\/\/seidenbuch-odw.de\/index.php?rest_route=\/wp\/v2\/pages"}],"about":[{"href":"http:\/\/seidenbuch-odw.de\/index.php?rest_route=\/wp\/v2\/types\/page"}],"author":[{"embeddable":true,"href":"http:\/\/seidenbuch-odw.de\/index.php?rest_route=\/wp\/v2\/users\/1"}],"replies":[{"embeddable":true,"href":"http:\/\/seidenbuch-odw.de\/index.php?rest_route=%2Fwp%2Fv2%2Fcomments&post=21"}],"version-history":[{"count":10,"href":"http:\/\/seidenbuch-odw.de\/index.php?rest_route=\/wp\/v2\/pages\/21\/revisions"}],"predecessor-version":[{"id":73,"href":"http:\/\/seidenbuch-odw.de\/index.php?rest_route=\/wp\/v2\/pages\/21\/revisions\/73"}],"wp:attachment":[{"href":"http:\/\/seidenbuch-odw.de\/index.php?rest_route=%2Fwp%2Fv2%2Fmedia&parent=21"}],"curies":[{"name":"wp","href":"https:\/\/api.w.org\/{rel}","templated":true}]}}