{"id":219,"date":"2011-05-21T16:57:12","date_gmt":"2011-05-21T16:57:12","guid":{"rendered":"http:\/\/seidenbuch-odw.de\/blog\/?page_id=219"},"modified":"2017-01-02T11:44:34","modified_gmt":"2017-01-02T11:44:34","slug":"tischtennis","status":"publish","type":"page","link":"http:\/\/seidenbuch-odw.de\/?page_id=219","title":{"rendered":"Tischtennis"},"content":{"rendered":"<h2>Die SG Seidenbuch \u2013 Tischtennis<\/h2>\n<p><!-- p.p1 {margin: 0.0px 0.0px 18.0px 0.0px; line-height: 18.0px; font: 12.0px Georgia; -webkit-text-stroke: #000000} p.p2 {margin: 0.0px 0.0px 10.0px 0.0px; line-height: 18.0px; font: 12.0px Georgia; -webkit-text-stroke: #000000} span.s1 {font-kerning: none} --><strong>Aktuelles:<\/strong><\/p>\n<p><a href=\"http:\/\/seidenbuch-odw.de\/wp-content\/uploads\/2011\/05\/Damen-aktuell.jpg\" rel=\"lightbox[219]\"><img loading=\"lazy\" decoding=\"async\" class=\"alignleft size-thumbnail wp-image-1727\" title=\"Die aktuelle Damenmannschaft\" src=\"http:\/\/seidenbuch-odw.de\/wp-content\/uploads\/2011\/05\/Damen-aktuell-150x150.jpg\" alt=\"\" width=\"150\" height=\"150\" \/><\/a>Die Damenmannschaft erhielt vor 2 Jahren Verst\u00e4rkung durch die Nachwuchsspielerin Katharina Bitsch, die zwischenzeitlich fester Bestandteil der Mannschaft ist.<\/p>\n<p>Nachdem die Damen in den letzten Jahren immer vordere Tabellenpl\u00e4tze belegten, konnten sie in 2016 den Aufstieg in die Bezirksliga feiern. Zwar reichte es nicht f\u00fcr den direkten Aufstieg, jedoch war dies durch die ungef\u00e4hrdete Vizemeisterschaft als Nachr\u00fccker m\u00f6glich.<\/p>\n<p>Die Saison 2016\/2017 in der Bezirksliga wird spannend und wir w\u00fcnschen unseren Damen erfolgreiche Spiele, um den Klassenerhalt zu sichern.<\/p>\n<p><a href=\"http:\/\/seidenbuch-odw.de\/wp-content\/uploads\/2011\/05\/Herren-aktuell.jpg\" rel=\"lightbox[219]\"><img loading=\"lazy\" decoding=\"async\" class=\"alignleft size-thumbnail wp-image-1729\" title=\"Die aktuelle Herrenmannschaft\" src=\"http:\/\/seidenbuch-odw.de\/wp-content\/uploads\/2011\/05\/Herren-aktuell-150x150.jpg\" alt=\"\" width=\"150\" height=\"150\" \/><\/a>Die Herrenmannschaft hat eine sehr erfolgreiche Saison 2015\/2016 in der 2. Kreisklasse Ost hinter sich. Sie konnten sich als <strong>Meister <\/strong>direkt f\u00fcr die 1. Kreisklasse Ost qualifizieren. Bis zum letzten Spieltag war es spannend, wer den direkten Aufstieg schaffen wird und wer \u00fcber die Relegation gehen muss. Durch einen starken Kampfgeist waren unsere Herren dem Zweitplatzierten eine Nasenspitze voraus.<\/p>\n<p><a href=\"http:\/\/seidenbuch-odw.de\/wp-content\/uploads\/2011\/05\/Damen-mit-Sponsor.jpg\" rel=\"lightbox[219]\"><img loading=\"lazy\" decoding=\"async\" class=\"alignleft size-thumbnail wp-image-1728\" title=\"2016 - neue Trikots und Anz\u00fcge, gesponsert von Firma Radabau - Adam Bauer\" src=\"http:\/\/seidenbuch-odw.de\/wp-content\/uploads\/2011\/05\/Damen-mit-Sponsor-150x150.jpg\" alt=\"\" width=\"150\" height=\"150\" \/><\/a>Seit dem Jahr 2014 d\u00fcrfen auch bedingt Frauen bei den Herren eingesetzt werden, wovon auch hier Gebrauch gemacht wurde. Der ein oder andere Sieg und somit Punkt konnte dadurch gesichert werden. Um in der Saison 2016\/2017 in der 1. Kreisklasse Ost zu bestehen, braucht es eine starke Mannschaftsleistung.<\/p>\n<p><a href=\"http:\/\/seidenbuch-odw.de\/wp-content\/uploads\/2011\/05\/Herren-Meister.jpg\" rel=\"lightbox[219]\"><img loading=\"lazy\" decoding=\"async\" class=\"alignleft size-thumbnail wp-image-1730\" title=\"Meister 2016 - geschafft!\" src=\"http:\/\/seidenbuch-odw.de\/wp-content\/uploads\/2011\/05\/Herren-Meister-150x150.jpg\" alt=\"\" width=\"150\" height=\"150\" \/><\/a>Wir gratulieren den Herren zur Meisterschaft und unseren beiden Mannschaften zum Aufstieg und w\u00fcnschen Ihnen weiterhin \u201eGut Spiel\u201c!<\/p>\n<p><strong>Spielerinnen:<\/strong><br \/>\nBettina Ripper, Anke Unger, Rosel Grieser, Katharina Bitsch , Andrea Bauer,<br \/>\nKatja Lerch, Erg\u00e4nzungsspielerinnen: Christiane Gehron, Marianne Schmidt<\/p>\n<p><strong>Spieler:<\/strong><br \/>\nJochen Kling, Adam Bauer, Michael Metzger, Kai Bormuth, Gerhard Ried,<br \/>\nWilli Bauer, Erg\u00e4nzungsspieler: Florian Busch, Bettina Ripper, Andrea Bauer<\/p>\n<p><!-- p.p1 {margin: 0.0px 0.0px 18.0px 0.0px; line-height: 18.0px; font: 12.0px Georgia; -webkit-text-stroke: #000000} span.s1 {font-kerning: none} --><strong>Sch\u00fcler- und Jugendabteilung:<\/strong><\/p>\n<p>Von 1986 bis 2004 war die TT-Abteilung der SG Seidenbuch mit Sch\u00fcler- und Jugendmannschaften in der Verbandsrunde vertreten. Besondere Erfolge waren der Sieg der Sch\u00fcler 1992 und 1993 im Kreispokal, der 2. Platz der weiblichen Jugend 1988 im Kreispokal und der 2. Platz der m\u00e4nnlichen Jugend 1997 im Kreispokal. Au\u00dferdem holte die m\u00e4nnliche Jugend in der 2. Kreisklasse Ost 1995 den Meistertitel. Leider musste aus personellen Gr\u00fcnden die Jugendarbeit \u00fcber einige Jahre eingestellt.<\/p>\n<p>Durch das Engagement von Claudia und Peter So\u00dfna wurde im Jahr 2011 die Jugendarbeit wieder aufgenommen. Jeden Mittwoch ab 18.00 Uhr treffen sich 8 &#8211; 10 M\u00e4dchen und Jungen im Alter von 9 bis 13 Jahren um ihr Tischtennistalent unter Beweis zu stellen. Aktuell unterst\u00fctzen zwei aktive Spielerinnen der Damenmannschaft, Katharina Bitsch und Rosel Grieser, die Trainingsarbeit. Unserem Nachwuchs dazu weiterhin viel Spa\u00df und Erfolg und unseren freiwilligen Trainer\/innen einen Dank f\u00fcr ihren Einsatz!<\/p>\n<p><strong>Historie:<\/strong><\/p>\n<p><!-- p.p1 {margin: 0.0px 0.0px 18.0px 0.0px; line-height: 18.0px; font: 12.0px Georgia; -webkit-text-stroke: #000000} span.s1 {font-kerning: none} -->Die Tischtennisabteilung der SG Seidenbuch wurde 1977 gegr\u00fcndet.<\/p>\n<p>Gleich im 1. Jahr konnte die Herrenmannschaft die Meisterschaft in der Kreisklasse D-Ost erringen. Bereits im 2. Jahr wurde mit 3 Herrenmannschaften gespielt. In dieser Spielzeit holte sich die 1. Herrenmannschaft den zweiten Meistertitel in Folge und damit den Aufstieg in die Kreisklasse B-Ost. Au\u00dfer der 1. Herrenmannschaft spielten ab 1978 noch eine 2. und 3. Mannschaft in der D-Klasse. Der n\u00e4chste Meistertitel wurde in der Verbandsrunde 94\/95 errungen und damit der Aufstieg in die 2. Kreisklasse. In der Verbandsrunde 96\/97 holte sich die Mannschaft den n\u00e4chsten Meistertitel. Aus personellen Gr\u00fcnden wird nur noch mit einer Mannschaft gespielt.<\/p>\n<p>Nicht allein die Herren nutzten seit 1977 die Spielm\u00f6glichkeiten, sondern auch die Damen. Sie nahmen allerdings erstmals 1979 mit zwei Mannschaften an der offiziellen Spielrunde teil. Seit 1982 wird nur noch mit einer Mannschaft gespielt. Nach dem Aufstieg in die Kreisliga A holte die Mannschaft 1998 den Vizemeistertitel und sicherte sich damit den Aufstieg in die Bezirksklasse. Leider konnte man die Klasse nicht halten. Umso gr\u00f6\u00dfer war die Freude \u00fcber den Meistertitel im Jahre 2004. In diesem Jahr konnte man auch gleichzeitig den Pokalsieg feiern. Zwei Jahre sp\u00e4ter erzielte das Damenteam die Meisterschaft in der Bezirksklasse und konnte damit eine Saison in der Bezirksliga spielen.<\/p>\n","protected":false},"excerpt":{"rendered":"<p>Die SG Seidenbuch \u2013 Tischtennis Aktuelles: Die Damenmannschaft erhielt vor 2 Jahren Verst\u00e4rkung durch die Nachwuchsspielerin Katharina Bitsch, die zwischenzeitlich fester Bestandteil der Mannschaft ist. Nachdem die Damen in den letzten Jahren immer vordere Tabellenpl\u00e4tze belegten, konnten sie in 2016 &hellip; <a href=\"http:\/\/seidenbuch-odw.de\/?page_id=219\">Weiterlesen <span class=\"meta-nav\">&rarr;<\/span><\/a><\/p>\n","protected":false},"author":1,"featured_media":0,"parent":103,"menu_order":0,"comment_status":"open","ping_status":"open","template":"","meta":{"footnotes":""},"class_list":["post-219","page","type-page","status-publish","hentry"],"_links":{"self":[{"href":"http:\/\/seidenbuch-odw.de\/index.php?rest_route=\/wp\/v2\/pages\/219","targetHints":{"allow":["GET"]}}],"collection":[{"href":"http:\/\/seidenbuch-odw.de\/index.php?rest_route=\/wp\/v2\/pages"}],"about":[{"href":"http:\/\/seidenbuch-odw.de\/index.php?rest_route=\/wp\/v2\/types\/page"}],"author":[{"embeddable":true,"href":"http:\/\/seidenbuch-odw.de\/index.php?rest_route=\/wp\/v2\/users\/1"}],"replies":[{"embeddable":true,"href":"http:\/\/seidenbuch-odw.de\/index.php?rest_route=%2Fwp%2Fv2%2Fcomments&post=219"}],"version-history":[{"count":6,"href":"http:\/\/seidenbuch-odw.de\/index.php?rest_route=\/wp\/v2\/pages\/219\/revisions"}],"predecessor-version":[{"id":235,"href":"http:\/\/seidenbuch-odw.de\/index.php?rest_route=\/wp\/v2\/pages\/219\/revisions\/235"}],"up":[{"embeddable":true,"href":"http:\/\/seidenbuch-odw.de\/index.php?rest_route=\/wp\/v2\/pages\/103"}],"wp:attachment":[{"href":"http:\/\/seidenbuch-odw.de\/index.php?rest_route=%2Fwp%2Fv2%2Fmedia&parent=219"}],"curies":[{"name":"wp","href":"https:\/\/api.w.org\/{rel}","templated":true}]}}