{"id":249,"date":"2011-05-21T17:10:23","date_gmt":"2011-05-21T17:10:23","guid":{"rendered":"http:\/\/seidenbuch-odw.de\/blog\/?page_id=249"},"modified":"2011-05-31T20:09:18","modified_gmt":"2011-05-31T20:09:18","slug":"krehbergturm","status":"publish","type":"page","link":"http:\/\/seidenbuch-odw.de\/?page_id=249","title":{"rendered":"Krehbergturm"},"content":{"rendered":"<p>Der korrekte Name des \u201eKrehbergturms\u201c lautet \u201eFunk\u00fcbertragungsstelle Lindenfels 1\u201c. Erbaut wurde der 40m hohe Turm Ende der 50er Jahre. Er hat eine H\u00f6he von 40m, auf 35m und 40m befindet sich je eine quadratische Plattform.<\/p>\n<p>Zu dieser Zeit hat der Krehbergturm \u201eRichtfunksignale\u201c, also Signale, die von Punkt A zu Punkt B  gerichtet sind, \u00fcbertragen. Sie dienten der \u00dcbertragung von Telefongespr\u00e4chen.<\/p>\n<p><a href=\"http:\/\/seidenbuch-odw.de\/wp-content\/uploads\/2011\/05\/krehberg1.jpg\" rel=\"lightbox[249]\"><img loading=\"lazy\" decoding=\"async\" class=\"alignleft\" title=\"Der Krehbergturm\" src=\"http:\/\/seidenbuch-odw.de\/wp-content\/uploads\/2011\/05\/krehberg1-150x150.jpg\" alt=\"\" width=\"150\" height=\"150\" \/><\/a>Als  das Fernsehen aufkam, wurde entschieden 2  Fernsehsender zu errichten:  Anfang der 60er Jahre das ZDF und Ende der  60er Jahre der HR. Der Bau einer Fernsehantenne wurde notwendig, daher  wurde in den vorhandenen Turm ein Mast eingebaut, der die H\u00f6he des Turmes auf 122m anhob. Turm  nd Mast sind zwei vollkommen voneinander getrennte Bauwerke. Gleichzeitig wurde eine weitere Plattform auf 88m  angebracht. Gehalten wird der Mast von 3 Partunen, jede hat einen Zug  von ca. 30 Tonnen.<\/p>\n<p>Die letzten 20m des Mastes waren den Fernsehantennen vorbehalten.<\/p>\n<p>Bedingt  durch die Digitalisierung der Fernsehsignale wurden die analoge  \u00dcbertragung der beiden Fernsehsender Ende 2007 abgeschaltet, die Fernsehantenne wurde demontiert. Des Weiteren wurde in den 80er  Jahren  Radio FFH gegr\u00fcndet. Auch am Krehberg wurde eine Sendeeinrichtung errichtet, die auf der Frequenz 105,0 MHz betrieben  wird. Gleichzeitig wurden auch noch Antennen f\u00fcr das mobile Funknetz T-Mobile (ehemals D1)  der Deutschen Telekom AG errichtet.<\/p>\n<p>Heute hat der Sender die Aufgaben Richtfunk, Radio FFH und T-Mobile zu \u00fcbertragen.<\/p>\n","protected":false},"excerpt":{"rendered":"<p>Der korrekte Name des \u201eKrehbergturms\u201c lautet \u201eFunk\u00fcbertragungsstelle Lindenfels 1\u201c. Erbaut wurde der 40m hohe Turm Ende der 50er Jahre. Er hat eine H\u00f6he von 40m, auf 35m und 40m befindet sich je eine quadratische Plattform. Zu dieser Zeit hat der &hellip; <a href=\"http:\/\/seidenbuch-odw.de\/?page_id=249\">Weiterlesen <span class=\"meta-nav\">&rarr;<\/span><\/a><\/p>\n","protected":false},"author":1,"featured_media":0,"parent":27,"menu_order":0,"comment_status":"open","ping_status":"closed","template":"","meta":{"footnotes":""},"class_list":["post-249","page","type-page","status-publish","hentry"],"_links":{"self":[{"href":"http:\/\/seidenbuch-odw.de\/index.php?rest_route=\/wp\/v2\/pages\/249","targetHints":{"allow":["GET"]}}],"collection":[{"href":"http:\/\/seidenbuch-odw.de\/index.php?rest_route=\/wp\/v2\/pages"}],"about":[{"href":"http:\/\/seidenbuch-odw.de\/index.php?rest_route=\/wp\/v2\/types\/page"}],"author":[{"embeddable":true,"href":"http:\/\/seidenbuch-odw.de\/index.php?rest_route=\/wp\/v2\/users\/1"}],"replies":[{"embeddable":true,"href":"http:\/\/seidenbuch-odw.de\/index.php?rest_route=%2Fwp%2Fv2%2Fcomments&post=249"}],"version-history":[{"count":6,"href":"http:\/\/seidenbuch-odw.de\/index.php?rest_route=\/wp\/v2\/pages\/249\/revisions"}],"predecessor-version":[{"id":543,"href":"http:\/\/seidenbuch-odw.de\/index.php?rest_route=\/wp\/v2\/pages\/249\/revisions\/543"}],"up":[{"embeddable":true,"href":"http:\/\/seidenbuch-odw.de\/index.php?rest_route=\/wp\/v2\/pages\/27"}],"wp:attachment":[{"href":"http:\/\/seidenbuch-odw.de\/index.php?rest_route=%2Fwp%2Fv2%2Fmedia&parent=249"}],"curies":[{"name":"wp","href":"https:\/\/api.w.org\/{rel}","templated":true}]}}