{"id":25,"date":"2011-05-20T20:27:51","date_gmt":"2011-05-20T20:27:51","guid":{"rendered":"http:\/\/seidenbuch-odw.de\/blog\/?page_id=25"},"modified":"2011-05-28T12:04:36","modified_gmt":"2011-05-28T12:04:36","slug":"gewerbe","status":"publish","type":"page","link":"http:\/\/seidenbuch-odw.de\/?page_id=25","title":{"rendered":"Gewerbe"},"content":{"rendered":"<p>Auf diesen Seiten finden Sie Informationen \u00fcber  die Gewerbe in Seidenbuch. Die Darstellung auf dieser Seite ist den  Gewerbetreibenden selbst \u00fcberlassen. Aktuell sind hier deshalb leider  nicht alle Gewerbe in Seidenbuch zu finden.<\/p>\n<p>Wenn Ihr Gewerbe zuk\u00fcnftig hier <em>kostenlos<\/em> vorgestellt werden soll, wenden Sie sich bitte an den Ortsvorsteher <a href=\"mailto:jochen.terporten@seidenbuch-odw.de\">Jochen Terporten<\/a>.<\/p>\n","protected":false},"excerpt":{"rendered":"<p>Auf diesen Seiten finden Sie Informationen \u00fcber die Gewerbe in Seidenbuch. Die Darstellung auf dieser Seite ist den Gewerbetreibenden selbst \u00fcberlassen. Aktuell sind hier deshalb leider nicht alle Gewerbe in Seidenbuch zu finden. Wenn Ihr Gewerbe zuk\u00fcnftig hier kostenlos vorgestellt &hellip; <a href=\"http:\/\/seidenbuch-odw.de\/?page_id=25\">Weiterlesen <span class=\"meta-nav\">&rarr;<\/span><\/a><\/p>\n","protected":false},"author":1,"featured_media":0,"parent":0,"menu_order":5,"comment_status":"open","ping_status":"closed","template":"","meta":{"footnotes":""},"class_list":["post-25","page","type-page","status-publish","hentry"],"_links":{"self":[{"href":"http:\/\/seidenbuch-odw.de\/index.php?rest_route=\/wp\/v2\/pages\/25","targetHints":{"allow":["GET"]}}],"collection":[{"href":"http:\/\/seidenbuch-odw.de\/index.php?rest_route=\/wp\/v2\/pages"}],"about":[{"href":"http:\/\/seidenbuch-odw.de\/index.php?rest_route=\/wp\/v2\/types\/page"}],"author":[{"embeddable":true,"href":"http:\/\/seidenbuch-odw.de\/index.php?rest_route=\/wp\/v2\/users\/1"}],"replies":[{"embeddable":true,"href":"http:\/\/seidenbuch-odw.de\/index.php?rest_route=%2Fwp%2Fv2%2Fcomments&post=25"}],"version-history":[{"count":10,"href":"http:\/\/seidenbuch-odw.de\/index.php?rest_route=\/wp\/v2\/pages\/25\/revisions"}],"predecessor-version":[{"id":76,"href":"http:\/\/seidenbuch-odw.de\/index.php?rest_route=\/wp\/v2\/pages\/25\/revisions\/76"}],"wp:attachment":[{"href":"http:\/\/seidenbuch-odw.de\/index.php?rest_route=%2Fwp%2Fv2%2Fmedia&parent=25"}],"curies":[{"name":"wp","href":"https:\/\/api.w.org\/{rel}","templated":true}]}}