{"id":279,"date":"2011-05-21T17:30:21","date_gmt":"2011-05-21T17:30:21","guid":{"rendered":"http:\/\/seidenbuch-odw.de\/blog\/?page_id=279"},"modified":"2011-05-31T20:13:36","modified_gmt":"2011-05-31T20:13:36","slug":"ediths-hairshop","status":"publish","type":"page","link":"http:\/\/seidenbuch-odw.de\/?page_id=279","title":{"rendered":"Edith&#8217;s Hairshop"},"content":{"rendered":"<h1>Im Dienst der Sch\u00f6nheit<\/h1>\n<p><img loading=\"lazy\" decoding=\"async\" class=\"size-thumbnail wp-image-284 alignleft\" title=\"Edith's Hairshop\" src=\"http:\/\/seidenbuch-odw.de\/wp-content\/uploads\/2011\/05\/ediths_hairshop1-150x98.png\" alt=\"\" width=\"150\" height=\"98\" \/>Wer sich etwas Besonderes leisten will ist in  Edith&#8217;s Hairshop gut  aufgehoben. Mit dem kompletten Angebot aus dem  Hause Dr. Kurt Wolff \/  Alcina f\u00fcr Haut und Haar ist dies immer m\u00f6glich.  Face &#8211; pro &#8211; Ohren &#8211;  u. Brillenschutz, Lesebrillen &#8211; Service, kostenlose  Solarium Benutzung  bei eventuellen Wartezeiten, Getr\u00e4nkeangebot sowie  kleine kosmetische  Dienstleistungen, geh\u00f6ren als nat\u00fcrliche Entwicklung,  die die Anspr\u00fcche  der Kunden an ihr Wohlbefinden zufrieden stellen.<\/p>\n<p>Zur  super Entspannung gibt es eine neue Maletti &#8211; Massageliege. F\u00fcr  die  Kinder ist mit Pferd und Prinzessinnenstuhl bestens gesorgt.<\/p>\n<p>Dies ist nat\u00fcrlich alles nur mit einem Termin unter Telefon 06255 &#8211; 1064 m\u00f6glich. Weitere Informationen: <a title=\"Opens external link in new window\" href=\"http:\/\/www.ediths-hairshop.de\/\" target=\"_blank\">www.ediths-hairshop.de<\/a><\/p>\n","protected":false},"excerpt":{"rendered":"<p>Im Dienst der Sch\u00f6nheit Wer sich etwas Besonderes leisten will ist in Edith&#8217;s Hairshop gut aufgehoben. Mit dem kompletten Angebot aus dem Hause Dr. Kurt Wolff \/ Alcina f\u00fcr Haut und Haar ist dies immer m\u00f6glich. Face &#8211; pro &#8211; &hellip; <a href=\"http:\/\/seidenbuch-odw.de\/?page_id=279\">Weiterlesen <span class=\"meta-nav\">&rarr;<\/span><\/a><\/p>\n","protected":false},"author":1,"featured_media":0,"parent":25,"menu_order":0,"comment_status":"open","ping_status":"closed","template":"","meta":{"footnotes":""},"class_list":["post-279","page","type-page","status-publish","hentry"],"_links":{"self":[{"href":"http:\/\/seidenbuch-odw.de\/index.php?rest_route=\/wp\/v2\/pages\/279","targetHints":{"allow":["GET"]}}],"collection":[{"href":"http:\/\/seidenbuch-odw.de\/index.php?rest_route=\/wp\/v2\/pages"}],"about":[{"href":"http:\/\/seidenbuch-odw.de\/index.php?rest_route=\/wp\/v2\/types\/page"}],"author":[{"embeddable":true,"href":"http:\/\/seidenbuch-odw.de\/index.php?rest_route=\/wp\/v2\/users\/1"}],"replies":[{"embeddable":true,"href":"http:\/\/seidenbuch-odw.de\/index.php?rest_route=%2Fwp%2Fv2%2Fcomments&post=279"}],"version-history":[{"count":6,"href":"http:\/\/seidenbuch-odw.de\/index.php?rest_route=\/wp\/v2\/pages\/279\/revisions"}],"predecessor-version":[{"id":520,"href":"http:\/\/seidenbuch-odw.de\/index.php?rest_route=\/wp\/v2\/pages\/279\/revisions\/520"}],"up":[{"embeddable":true,"href":"http:\/\/seidenbuch-odw.de\/index.php?rest_route=\/wp\/v2\/pages\/25"}],"wp:attachment":[{"href":"http:\/\/seidenbuch-odw.de\/index.php?rest_route=%2Fwp%2Fv2%2Fmedia&parent=279"}],"curies":[{"name":"wp","href":"https:\/\/api.w.org\/{rel}","templated":true}]}}