{"id":291,"date":"2011-05-21T17:32:47","date_gmt":"2011-05-21T17:32:47","guid":{"rendered":"http:\/\/seidenbuch-odw.de\/blog\/?page_id=291"},"modified":"2011-05-31T20:13:49","modified_gmt":"2011-05-31T20:13:49","slug":"home-garden-arts","status":"publish","type":"page","link":"http:\/\/seidenbuch-odw.de\/?page_id=291","title":{"rendered":"HOME + GARDEN ARTS"},"content":{"rendered":"<p><a href=\"http:\/\/seidenbuch-odw.de\/wp-content\/uploads\/2011\/05\/home_garden1.jpg\" rel=\"lightbox[291]\"><img loading=\"lazy\" decoding=\"async\" class=\"alignleft size-thumbnail wp-image-285\" title=\"HOME + GARDEN ARTS\" src=\"http:\/\/seidenbuch-odw.de\/wp-content\/uploads\/2011\/05\/home_garden1-150x76.jpg\" alt=\"\" width=\"150\" height=\"76\" \/><\/a>HOME + GARDEN ARTS bietet Ihnen individuelle  Skulpturen f\u00fcr Ihren  Garten, die kunstvoll aus Edelstahl und Edelrost  hergestellt sind.  Highlights sind die Edelstahl\/Granitstein-V\u00f6gel  als Kantenhocker,  Gartenst\u00e4be, Hausnummern, Briefk\u00e4sten oder auch als  Gartenstecker. F\u00fcr  den Innenbereich gibt es Windlichter aus  Metall, Blasaholz-Artikel,  Windspiele, Keramik und kleine Accesoires &#8211;  f\u00fcr jeden Geschmack ist  etwas dabei. Floristik (Tischgestecke, Kirchenschmuck, Brautstr\u00e4u\u00dfe  u.v.m.) wird f\u00fcr festliche Anl\u00e4sse angeboten.<\/p>\n<p>Viele  Artikel von HOME + GARDEN ARTS sind in verschiedenen  Gesch\u00e4ften von  Frankisch Crumbach bis Darmstadt ausgestellt und zudem  auf verschiedenen  Oster-\/Weihnachtsm\u00e4rken, dem Markt f\u00fcr Exquisits in  Worms, dem  Kunstmarkt in Lindenfels, dem Kreativmarkt in Darmstadt, dem  Hoffest der  Imkerei Wagner in Balkhausen, bei der Winzerei L\u00f6sch in  Worms und auf  weiteren M\u00e4rkten zu erwerben.<\/p>\n<p>Auf der Homepage von HOME + GARDEN ARTS bekommen Sie einen kleinen  Eindruck von der Vielfalt des Angebotes. Ein Besuch dort lohnt sich!<\/p>\n<p><strong>\u00d6ffnungszeiten:<\/strong><br \/>\nMo &#8211; Fr ab 15:00 Uhr, Samstags und Sonntags nach Vereinbarung. Der Garten ist jederzeit ge\u00f6ffnet.<\/p>\n<p><strong>Kontakt:<\/strong><br \/>\nKerstin Reibold<br \/>\nFinkenstra\u00dfe 2<br \/>\n64678 Lindenfels &#8211; Seidenbuch<br \/>\nTel.: 06255 \/ 16 49<br \/>\nFax: 06255 \/ 27 40<br \/>\nMobil: 0172 \/ 66 44 1 99<br \/>\n<a title=\"Opens window for sending email\" href=\"mailto:info@homeandgardenarts.de\">info@homeandgardenarts.de<\/a><br \/>\n<a title=\"Opens external link in new window\" href=\"http:\/\/www.homeandgardenarts.de\/\" target=\"_blank\">www.homeandgardenarts.de<\/a><\/p>\n","protected":false},"excerpt":{"rendered":"<p>HOME + GARDEN ARTS bietet Ihnen individuelle Skulpturen f\u00fcr Ihren Garten, die kunstvoll aus Edelstahl und Edelrost hergestellt sind. Highlights sind die Edelstahl\/Granitstein-V\u00f6gel als Kantenhocker, Gartenst\u00e4be, Hausnummern, Briefk\u00e4sten oder auch als Gartenstecker. F\u00fcr den Innenbereich gibt es Windlichter aus Metall, &hellip; <a href=\"http:\/\/seidenbuch-odw.de\/?page_id=291\">Weiterlesen <span class=\"meta-nav\">&rarr;<\/span><\/a><\/p>\n","protected":false},"author":1,"featured_media":0,"parent":25,"menu_order":0,"comment_status":"open","ping_status":"open","template":"","meta":{"footnotes":""},"class_list":["post-291","page","type-page","status-publish","hentry"],"_links":{"self":[{"href":"http:\/\/seidenbuch-odw.de\/index.php?rest_route=\/wp\/v2\/pages\/291","targetHints":{"allow":["GET"]}}],"collection":[{"href":"http:\/\/seidenbuch-odw.de\/index.php?rest_route=\/wp\/v2\/pages"}],"about":[{"href":"http:\/\/seidenbuch-odw.de\/index.php?rest_route=\/wp\/v2\/types\/page"}],"author":[{"embeddable":true,"href":"http:\/\/seidenbuch-odw.de\/index.php?rest_route=\/wp\/v2\/users\/1"}],"replies":[{"embeddable":true,"href":"http:\/\/seidenbuch-odw.de\/index.php?rest_route=%2Fwp%2Fv2%2Fcomments&post=291"}],"version-history":[{"count":4,"href":"http:\/\/seidenbuch-odw.de\/index.php?rest_route=\/wp\/v2\/pages\/291\/revisions"}],"predecessor-version":[{"id":517,"href":"http:\/\/seidenbuch-odw.de\/index.php?rest_route=\/wp\/v2\/pages\/291\/revisions\/517"}],"up":[{"embeddable":true,"href":"http:\/\/seidenbuch-odw.de\/index.php?rest_route=\/wp\/v2\/pages\/25"}],"wp:attachment":[{"href":"http:\/\/seidenbuch-odw.de\/index.php?rest_route=%2Fwp%2Fv2%2Fmedia&parent=291"}],"curies":[{"name":"wp","href":"https:\/\/api.w.org\/{rel}","templated":true}]}}