{"id":429,"date":"2011-05-25T07:38:33","date_gmt":"2011-05-25T07:38:33","guid":{"rendered":"http:\/\/seidenbuch-odw.de\/blog\/?page_id=429"},"modified":"2011-05-28T12:05:06","modified_gmt":"2011-05-28T12:05:06","slug":"impressum-2","status":"publish","type":"page","link":"http:\/\/seidenbuch-odw.de\/?page_id=429","title":{"rendered":"Impressum"},"content":{"rendered":"<h1>Impressum<\/h1>\n<h2>Verantwortlicher<\/h2>\n<p>Jochen Terporten<br \/>\nOrtsvorsteher<br \/>\nGlattbacher Str. 3<br \/>\n64678 Lindenfels &#8211; Seidenbuch<br \/>\nE-Mail: <a href=\"mailto:info@seidenbuch-odw.de\">info@seidenbuch-odw.de<\/a><br \/>\nInternet: www.seidenbuch-odw.de<\/p>\n<h2>Haftungshinweis<\/h2>\n<p>Trotz sorgf\u00e4ltiger inhaltlicher Kontrolle  \u00fcbernehmen wir keine Haftung f\u00fcr die Inhalte externer Links. F\u00fcr den  Inhalt der verlinkten Seiten sind ausschlie\u00dflich deren Betreiber  verantwortlich.<\/p>\n<p>Inhalt und Zweck dieser Homepage dient zur  Vermittlung touristischer Informationen \u00fcber den Lindenfelser Stadtteil  Seidenbuch und als Werbeplattform lokaler Anbieter. Dies geschieht mit  Genehmigung und Einverst\u00e4ndnis der Stadt Lindenfels. Alle enthaltenen  Informationen wurden mit Sorgfalt und nach bestem Gewissen  zusammengestellt. Dennoch sind Fehler nicht ganz auszuschlie\u00dfen. Aus  diesem Grund sieht sich der Ortsvorsteher Jochen Terporten dazu  veranlasst, darauf hinzuweisen, dass sie weder eine Garantie noch die  juristische Verantwortung oder irgendeine Haftung f\u00fcr Folgen, die auf  fehlerhafte Angaben zur\u00fcckgehen, \u00fcbernehmen kann. Der Ortsvorsteher  \u00fcbernimmt keinerlei Haftung f\u00fcr die Richtigkeit der Angaben und Inhalte  der auf dieser Site vertretenen Inserenten. F\u00fcr externe Links gilt der bereits oben erw\u00e4hnte Haftungsausschluss. \u00c4nderungen und Irrt\u00fcmer vorbehalten.<strong><\/strong><\/p>\n<h2>Urheberrecht &#8211; Copyright<\/h2>\n<p>Alle  Fotos und Illustrationen dieser Homepage unterliegen dem Urheberrecht \/  Copyright. Es ist nicht gestattet, sie ohne R\u00fccksprache  weiterzuverwenden. Dies gilt ausdr\u00fccklich auch f\u00fcr die elektronische  Weiterverwendung, auch in ge\u00e4nderter Form.<br \/>\nDie Bilder sind jedoch  ohne R\u00fccksprache f\u00fcr alle Vereinsmitglieder sowie beteiligten Personen  zum Download und zur weiteren Verwendung freigegeben.<\/p>\n<p>Wir widersprechen jeder kommerziellen Verwendung und jeder sonstigen  Weitergabe und anderweitigen Ver\u00f6ffentlichung unserer Daten.<\/p>\n","protected":false},"excerpt":{"rendered":"<p>Impressum Verantwortlicher Jochen Terporten Ortsvorsteher Glattbacher Str. 3 64678 Lindenfels &#8211; Seidenbuch E-Mail: info@seidenbuch-odw.de Internet: www.seidenbuch-odw.de Haftungshinweis Trotz sorgf\u00e4ltiger inhaltlicher Kontrolle \u00fcbernehmen wir keine Haftung f\u00fcr die Inhalte externer Links. F\u00fcr den Inhalt der verlinkten Seiten sind ausschlie\u00dflich deren Betreiber &hellip; <a href=\"http:\/\/seidenbuch-odw.de\/?page_id=429\">Weiterlesen <span class=\"meta-nav\">&rarr;<\/span><\/a><\/p>\n","protected":false},"author":1,"featured_media":0,"parent":0,"menu_order":0,"comment_status":"open","ping_status":"open","template":"","meta":{"footnotes":""},"class_list":["post-429","page","type-page","status-publish","hentry"],"_links":{"self":[{"href":"http:\/\/seidenbuch-odw.de\/index.php?rest_route=\/wp\/v2\/pages\/429","targetHints":{"allow":["GET"]}}],"collection":[{"href":"http:\/\/seidenbuch-odw.de\/index.php?rest_route=\/wp\/v2\/pages"}],"about":[{"href":"http:\/\/seidenbuch-odw.de\/index.php?rest_route=\/wp\/v2\/types\/page"}],"author":[{"embeddable":true,"href":"http:\/\/seidenbuch-odw.de\/index.php?rest_route=\/wp\/v2\/users\/1"}],"replies":[{"embeddable":true,"href":"http:\/\/seidenbuch-odw.de\/index.php?rest_route=%2Fwp%2Fv2%2Fcomments&post=429"}],"version-history":[{"count":7,"href":"http:\/\/seidenbuch-odw.de\/index.php?rest_route=\/wp\/v2\/pages\/429\/revisions"}],"predecessor-version":[{"id":431,"href":"http:\/\/seidenbuch-odw.de\/index.php?rest_route=\/wp\/v2\/pages\/429\/revisions\/431"}],"wp:attachment":[{"href":"http:\/\/seidenbuch-odw.de\/index.php?rest_route=%2Fwp%2Fv2%2Fmedia&parent=429"}],"curies":[{"name":"wp","href":"https:\/\/api.w.org\/{rel}","templated":true}]}}