{"id":444,"date":"2011-05-25T10:23:13","date_gmt":"2011-05-25T10:23:13","guid":{"rendered":"http:\/\/seidenbuch-odw.de\/blog\/?page_id=444"},"modified":"2011-05-25T10:51:50","modified_gmt":"2011-05-25T10:51:50","slug":"anfahrt","status":"publish","type":"page","link":"http:\/\/seidenbuch-odw.de\/?page_id=444","title":{"rendered":"Anfahrt"},"content":{"rendered":"<h1>Anfahrt<\/h1>\n<p>Auf <a class=\"external-link-new-window\" title=\"\u00d6ffnet einen externen Link in einem neuen Fenster\" href=\"http:\/\/www.vrn.de\" target=\"_blank\">www.vrn.de<\/a> erhalten Sie aktuelle Fahrplanausk\u00fcnfte zur Buslinie 666, wenn Sie Seidenbuch mit dem Bus erreichen m\u00f6chten.<\/p>\n<p><iframe loading=\"lazy\" width=\"425\" height=\"350\" frameborder=\"0\" scrolling=\"no\" marginheight=\"0\" marginwidth=\"0\" src=\"http:\/\/maps.google.de\/maps?f=q&amp;source=s_q&amp;hl=de&amp;geocode=&amp;q=seidenbuch&amp;ie=UTF8&amp;filter=0&amp;update=1&amp;sll=49.875729,8.664110&amp;sspn=0.160096,0.289050&amp;hq=&amp;hnear=Seidenbuch+Lindenfels,+Bergstra%C3%9Fe,+Hessen&amp;ll=49.694618,8.741083&amp;spn=0.019432,0.036478&amp;z=14&amp;iwloc=A&amp;output=embed\"><\/iframe><br \/><small><a href=\"http:\/\/maps.google.de\/maps?f=q&amp;source=embed&amp;hl=de&amp;geocode=&amp;q=seidenbuch&amp;ie=UTF8&amp;filter=0&amp;update=1&amp;sll=49.875729,8.664110&amp;sspn=0.160096,0.289050&amp;hq=&amp;hnear=Seidenbuch+Lindenfels,+Bergstra%C3%9Fe,+Hessen&amp;ll=49.694618,8.741083&amp;spn=0.019432,0.036478&amp;z=14&amp;iwloc=A\" style=\"color:#0000FF;text-align:left\">Gr\u00f6\u00dfere Kartenansicht<\/a><\/small><\/p>\n","protected":false},"excerpt":{"rendered":"<p>Anfahrt Auf www.vrn.de erhalten Sie aktuelle Fahrplanausk\u00fcnfte zur Buslinie 666, wenn Sie Seidenbuch mit dem Bus erreichen m\u00f6chten. Gr\u00f6\u00dfere Kartenansicht<\/p>\n","protected":false},"author":1,"featured_media":0,"parent":0,"menu_order":0,"comment_status":"open","ping_status":"open","template":"","meta":{"footnotes":""},"class_list":["post-444","page","type-page","status-publish","hentry"],"_links":{"self":[{"href":"http:\/\/seidenbuch-odw.de\/index.php?rest_route=\/wp\/v2\/pages\/444","targetHints":{"allow":["GET"]}}],"collection":[{"href":"http:\/\/seidenbuch-odw.de\/index.php?rest_route=\/wp\/v2\/pages"}],"about":[{"href":"http:\/\/seidenbuch-odw.de\/index.php?rest_route=\/wp\/v2\/types\/page"}],"author":[{"embeddable":true,"href":"http:\/\/seidenbuch-odw.de\/index.php?rest_route=\/wp\/v2\/users\/1"}],"replies":[{"embeddable":true,"href":"http:\/\/seidenbuch-odw.de\/index.php?rest_route=%2Fwp%2Fv2%2Fcomments&post=444"}],"version-history":[{"count":10,"href":"http:\/\/seidenbuch-odw.de\/index.php?rest_route=\/wp\/v2\/pages\/444\/revisions"}],"predecessor-version":[{"id":455,"href":"http:\/\/seidenbuch-odw.de\/index.php?rest_route=\/wp\/v2\/pages\/444\/revisions\/455"}],"wp:attachment":[{"href":"http:\/\/seidenbuch-odw.de\/index.php?rest_route=%2Fwp%2Fv2%2Fmedia&parent=444"}],"curies":[{"name":"wp","href":"https:\/\/api.w.org\/{rel}","templated":true}]}}