{"id":105,"date":"2011-05-21T08:27:47","date_gmt":"2011-05-21T08:27:47","guid":{"rendered":"http:\/\/seidenbuch-odw.de\/blog\/?page_id=105"},"modified":"2011-05-31T20:05:30","modified_gmt":"2011-05-31T20:05:30","slug":"verein-3","status":"publish","type":"page","link":"https:\/\/seidenbuch-odw.de\/?page_id=105","title":{"rendered":"Freiwillige Feuerwehr"},"content":{"rendered":"<h2>Freiwillige Feuerwehr<\/h2>\n<p><a href=\"http:\/\/seidenbuch-odw.de\/wp-content\/uploads\/2011\/05\/feuerwehr_seidenbuch_21.jpg\" rel=\"lightbox[105]\"><img loading=\"lazy\" decoding=\"async\" class=\"alignleft size-thumbnail wp-image-165\" title=\"Feuerwehr Seidenbuch (1)\" src=\"http:\/\/seidenbuch-odw.de\/wp-content\/uploads\/2011\/05\/feuerwehr_seidenbuch_21-150x150.jpg\" alt=\"\" width=\"150\" height=\"150\" \/><\/a>Bereits  kurze Zeit nach der Erbauung der  Glasfabrik 1783 wurde eine  Pflichtfeuerwehr zusammengestellt, die  aufgrund der hohen Brandgefahr  durch die Schmelz\u00f6fen und die  Holzbauwerke erforderlich war.<\/p>\n<p>Aus der ehemaligen \u201ePflichtwehr\u201c  wurde aufgrund der geringen  Einwohnerzahl und der zwei Weltkriege erst  1957 eine freiwillige  Feuerwehr gegr\u00fcndet. Bereits 1960 konnte eine  Motorspritze angekauft  und die gemeinschaftliche Wasserversorgung  wesentlich verbessert  werden. 1962 wurde sogar schon ein neues  Ger\u00e4tehaus mit zun\u00e4chst zwei  der drei geplanten Hallen gebaut.<\/p>\n<p>Die  Mitgliederzahl stieg schnell. Durch regelm\u00e4\u00dfige \u00dcbungen konnte  die  Einsatzf\u00e4higkeit der Wehr st\u00e4ndig verbessert werden. Im M\u00e4rz 2005  wurde  seitens der Stadt ein Kleinl\u00f6schfahrzeug in Dienst gestellt. Um  den  B\u00fcrgern einen noch besseren Brandschutz zu bieten, hatte  der  Verein zusammengelegt und der Stadt das alte Fahrzeug, das au\u00dfer  Dienst  genommen werden sollte, abgekauft. Nun stehen der FFW Seidenbuch  zwei  Einsatzfahrzeuge zur Verf\u00fcgung.<\/p>\n<p><a href=\"http:\/\/seidenbuch-odw.de\/wp-content\/uploads\/2011\/05\/feuerwehr_seidenbuch_31.jpg\" rel=\"lightbox[105]\"><img loading=\"lazy\" decoding=\"async\" class=\"alignleft size-thumbnail wp-image-166\" title=\"Feuerwehr Seidenbuch (2)\" src=\"http:\/\/seidenbuch-odw.de\/wp-content\/uploads\/2011\/05\/feuerwehr_seidenbuch_31-150x150.jpg\" alt=\"\" width=\"150\" height=\"150\" \/><\/a>Im  Jahre 2008 wurde der  Ger\u00e4tehausbau durch den Bau der dritten Halle  fertig gestellt und am 17.  August 2008 offiziell mit der \u00dcbergabe durch  die Stadt Lindenfels mit  einem Fest eingeweiht. Schon im Jahre 1976  wurde eine  Jugendfeuerwehr gegr\u00fcndet. Mangels Mitglieder musste sich  die Gruppe  jedoch der Jugendfeuerwehr Glattbach anschlie\u00dfen.<\/p>\n<p>Die Kameradschaft und der Zusammenhalt \u2013 wie k\u00f6nnte es anders sein \u2013 werden bei diesem \u201eVerein\u201c ganz gro\u00df geschrieben.<\/p>\n","protected":false},"excerpt":{"rendered":"<p>Freiwillige Feuerwehr Bereits kurze Zeit nach der Erbauung der Glasfabrik 1783 wurde eine Pflichtfeuerwehr zusammengestellt, die aufgrund der hohen Brandgefahr durch die Schmelz\u00f6fen und die Holzbauwerke erforderlich war. Aus der ehemaligen \u201ePflichtwehr\u201c wurde aufgrund der geringen Einwohnerzahl und der zwei &hellip; <a href=\"https:\/\/seidenbuch-odw.de\/?page_id=105\">Weiterlesen <span class=\"meta-nav\">&rarr;<\/span><\/a><\/p>\n","protected":false},"author":1,"featured_media":0,"parent":21,"menu_order":0,"comment_status":"open","ping_status":"open","template":"","meta":{"footnotes":""},"class_list":["post-105","page","type-page","status-publish","hentry"],"_links":{"self":[{"href":"https:\/\/seidenbuch-odw.de\/index.php?rest_route=\/wp\/v2\/pages\/105","targetHints":{"allow":["GET"]}}],"collection":[{"href":"https:\/\/seidenbuch-odw.de\/index.php?rest_route=\/wp\/v2\/pages"}],"about":[{"href":"https:\/\/seidenbuch-odw.de\/index.php?rest_route=\/wp\/v2\/types\/page"}],"author":[{"embeddable":true,"href":"https:\/\/seidenbuch-odw.de\/index.php?rest_route=\/wp\/v2\/users\/1"}],"replies":[{"embeddable":true,"href":"https:\/\/seidenbuch-odw.de\/index.php?rest_route=%2Fwp%2Fv2%2Fcomments&post=105"}],"version-history":[{"count":5,"href":"https:\/\/seidenbuch-odw.de\/index.php?rest_route=\/wp\/v2\/pages\/105\/revisions"}],"predecessor-version":[{"id":231,"href":"https:\/\/seidenbuch-odw.de\/index.php?rest_route=\/wp\/v2\/pages\/105\/revisions\/231"}],"up":[{"embeddable":true,"href":"https:\/\/seidenbuch-odw.de\/index.php?rest_route=\/wp\/v2\/pages\/21"}],"wp:attachment":[{"href":"https:\/\/seidenbuch-odw.de\/index.php?rest_route=%2Fwp%2Fv2%2Fmedia&parent=105"}],"curies":[{"name":"wp","href":"https:\/\/api.w.org\/{rel}","templated":true}]}}