{"id":240,"date":"2011-05-21T17:06:56","date_gmt":"2011-05-21T17:06:56","guid":{"rendered":"http:\/\/seidenbuch-odw.de\/blog\/?page_id=240"},"modified":"2011-05-31T09:40:59","modified_gmt":"2011-05-31T09:40:59","slug":"museum","status":"publish","type":"page","link":"https:\/\/seidenbuch-odw.de\/?page_id=240","title":{"rendered":"Museum"},"content":{"rendered":"<p>Zur Feier anl\u00e4sslich des 200j\u00e4hrigen Bestehens  der Gemeinde  Seidenbuch wurde im Sportheim der SG Seidenbuch eine  Ausstellung  aufgebaut, die Bilder und Gegenst\u00e4nde \u00fcber die Entstehung  und  Entwicklung des Ortes Seidenbuch zeigt. Flei\u00dfige Seidenbucher B\u00fcrger   haben Material f\u00fcr die Ausstellung gespendet, ebenso wurden   Ausstellungsst\u00fccke aus Ober-Ramstadt (wie zum Beispiel chemische Stoffe   zur Glasf\u00e4rbung) zusammengetragen. Ebenso wurden die Produkte der   Schmelzversuche am Seidenbucher Glasofen pr\u00e4sentiert, die an der   200-Jahr-Feier gemacht wurden.<\/p>\n<p>Da man so  viel Arbeit in die Ausstellung gesteckt hatte, wurde  beschlossen, diese  in die Mauern der alten Schule von Seidenbuch zu  verlagern, wo sie auch  heute noch angesehen werden kann.<\/p>\n<p>Termine f\u00fcr F\u00fchrungen und weitere Informationen erhalten Sie bei Irene Roth, Tel: 06255\/710.<\/p>\n<div id='gallery-1' class='gallery galleryid-240 gallery-columns-3 gallery-size-thumbnail'><dl class='gallery-item'>\n\t\t\t<dt class='gallery-icon portrait'>\n\t\t\t\t<a href='https:\/\/seidenbuch-odw.de\/wp-content\/uploads\/2011\/05\/museum_32.jpg' rel=\"lightbox[240]\"><img loading=\"lazy\" decoding=\"async\" width=\"150\" height=\"150\" src=\"https:\/\/seidenbuch-odw.de\/wp-content\/uploads\/2011\/05\/museum_32-150x150.jpg\" class=\"attachment-thumbnail size-thumbnail\" alt=\"\" \/><\/a>\n\t\t\t<\/dt><\/dl><dl class='gallery-item'>\n\t\t\t<dt class='gallery-icon landscape'>\n\t\t\t\t<a href='https:\/\/seidenbuch-odw.de\/wp-content\/uploads\/2011\/05\/museum_52.jpg' rel=\"lightbox[240]\"><img loading=\"lazy\" decoding=\"async\" width=\"150\" height=\"150\" src=\"https:\/\/seidenbuch-odw.de\/wp-content\/uploads\/2011\/05\/museum_52-150x150.jpg\" class=\"attachment-thumbnail size-thumbnail\" alt=\"\" \/><\/a>\n\t\t\t<\/dt><\/dl><dl class='gallery-item'>\n\t\t\t<dt class='gallery-icon portrait'>\n\t\t\t\t<a href='https:\/\/seidenbuch-odw.de\/wp-content\/uploads\/2011\/05\/museum_72.jpg' rel=\"lightbox[240]\"><img loading=\"lazy\" decoding=\"async\" width=\"150\" height=\"150\" src=\"https:\/\/seidenbuch-odw.de\/wp-content\/uploads\/2011\/05\/museum_72-150x150.jpg\" class=\"attachment-thumbnail size-thumbnail\" alt=\"\" \/><\/a>\n\t\t\t<\/dt><\/dl><br style=\"clear: both\" \/>\n\t\t<\/div>\n\n","protected":false},"excerpt":{"rendered":"<p>Zur Feier anl\u00e4sslich des 200j\u00e4hrigen Bestehens der Gemeinde Seidenbuch wurde im Sportheim der SG Seidenbuch eine Ausstellung aufgebaut, die Bilder und Gegenst\u00e4nde \u00fcber die Entstehung und Entwicklung des Ortes Seidenbuch zeigt. Flei\u00dfige Seidenbucher B\u00fcrger haben Material f\u00fcr die Ausstellung gespendet, &hellip; <a href=\"https:\/\/seidenbuch-odw.de\/?page_id=240\">Weiterlesen <span class=\"meta-nav\">&rarr;<\/span><\/a><\/p>\n","protected":false},"author":1,"featured_media":0,"parent":27,"menu_order":0,"comment_status":"open","ping_status":"open","template":"","meta":{"footnotes":""},"class_list":["post-240","page","type-page","status-publish","hentry"],"_links":{"self":[{"href":"https:\/\/seidenbuch-odw.de\/index.php?rest_route=\/wp\/v2\/pages\/240","targetHints":{"allow":["GET"]}}],"collection":[{"href":"https:\/\/seidenbuch-odw.de\/index.php?rest_route=\/wp\/v2\/pages"}],"about":[{"href":"https:\/\/seidenbuch-odw.de\/index.php?rest_route=\/wp\/v2\/types\/page"}],"author":[{"embeddable":true,"href":"https:\/\/seidenbuch-odw.de\/index.php?rest_route=\/wp\/v2\/users\/1"}],"replies":[{"embeddable":true,"href":"https:\/\/seidenbuch-odw.de\/index.php?rest_route=%2Fwp%2Fv2%2Fcomments&post=240"}],"version-history":[{"count":4,"href":"https:\/\/seidenbuch-odw.de\/index.php?rest_route=\/wp\/v2\/pages\/240\/revisions"}],"predecessor-version":[{"id":355,"href":"https:\/\/seidenbuch-odw.de\/index.php?rest_route=\/wp\/v2\/pages\/240\/revisions\/355"}],"up":[{"embeddable":true,"href":"https:\/\/seidenbuch-odw.de\/index.php?rest_route=\/wp\/v2\/pages\/27"}],"wp:attachment":[{"href":"https:\/\/seidenbuch-odw.de\/index.php?rest_route=%2Fwp%2Fv2%2Fmedia&parent=240"}],"curies":[{"name":"wp","href":"https:\/\/api.w.org\/{rel}","templated":true}]}}