{"id":243,"date":"2011-05-21T17:07:40","date_gmt":"2011-05-21T17:07:40","guid":{"rendered":"http:\/\/seidenbuch-odw.de\/blog\/?page_id=243"},"modified":"2012-10-26T19:47:45","modified_gmt":"2012-10-26T19:47:45","slug":"schutzengelkapelle","status":"publish","type":"page","link":"https:\/\/seidenbuch-odw.de\/?page_id=243","title":{"rendered":"Schutzengelkapelle"},"content":{"rendered":"<p>Bereits von 1785 bis 1818 gab es im Haus der  Familie Gugenberger  einen kleine Kapelle, in der den Glasbl\u00e4sern die  Messe vorgelesen  wurde.<\/p>\n<p>Einige Zeit sp\u00e4ter predigte Pfarrer  Schwenk entlang des Rheins, um  so Geld f\u00fcr den Kapellenbau zu sammeln.  Familie Karl Blessing aus  Seidenbuch stiftete den Bauplatz f\u00fcr die  Kapelle.<\/p>\n<p><a href=\"http:\/\/seidenbuch-odw.de\/wp-content\/uploads\/2011\/05\/kapelle1.jpg\" rel=\"lightbox[243]\"><img loading=\"lazy\" decoding=\"async\" class=\"alignleft\" title=\"Die Schutzengelkapelle\" src=\"http:\/\/seidenbuch-odw.de\/wp-content\/uploads\/2011\/05\/kapelle1-150x150.jpg\" alt=\"\" width=\"150\" height=\"150\" \/><\/a>Am  Himmelfahrtstag im Jahre 1933 (25. Mai) fand  nachmittags um 15 Uhr die  Grundsteinlegung f\u00fcr den Bau der  Schutzengelkapelle statt. \u00d6rtliche  Handwerker begannen darauf mit dem  Bau der Schutzengelkapelle mit  Steinen aus dem Steinbruch von  Seidenbuch. An Maria Himmelfahrt 1933  (15. August) fand die Glockenweihe statt.<\/p>\n<p>Gestiftet  wurde die Glocke von Herr Dr. und Frau Fr. Schmitt aus  Lindenfels,  welche die Glocke auch als erste l\u00e4uteten, dann durfte  jeder l\u00e4uten, der  wollte.<\/p>\n<p>Am 03. September 1933 wurde die Schutzengelkapelle dann  offiziell  eingeweiht. Der Gottesdienst fand erst in Lindenfels, dann in   Seidenbuch statt und die B\u00fcrger wurden mit dem \u201ePostauto\u201c (Bus) nach   Seidenbuch gefahren. Auch heute finden dort im Sommer noch katholische  Gottesdienste statt.<\/p>\n<p>Weitere Informationen zu den Gottesdiensten der katholischen Pfarrgemeinde St. Peter und Paul finden Sie unter diesem <a title=\"Opens external link in new window\" href=\"http:\/\/www.bistummainz.de\/pfarreien\/dekanat-bergstrasse-ost\/pvpg\/pv_fuelin\/index.html\" target=\"_blank\">Link<\/a>.<\/p>\n","protected":false},"excerpt":{"rendered":"<p>Bereits von 1785 bis 1818 gab es im Haus der Familie Gugenberger einen kleine Kapelle, in der den Glasbl\u00e4sern die Messe vorgelesen wurde. Einige Zeit sp\u00e4ter predigte Pfarrer Schwenk entlang des Rheins, um so Geld f\u00fcr den Kapellenbau zu sammeln. &hellip; <a href=\"https:\/\/seidenbuch-odw.de\/?page_id=243\">Weiterlesen <span class=\"meta-nav\">&rarr;<\/span><\/a><\/p>\n","protected":false},"author":1,"featured_media":0,"parent":27,"menu_order":0,"comment_status":"open","ping_status":"open","template":"","meta":{"footnotes":""},"class_list":["post-243","page","type-page","status-publish","hentry"],"_links":{"self":[{"href":"https:\/\/seidenbuch-odw.de\/index.php?rest_route=\/wp\/v2\/pages\/243","targetHints":{"allow":["GET"]}}],"collection":[{"href":"https:\/\/seidenbuch-odw.de\/index.php?rest_route=\/wp\/v2\/pages"}],"about":[{"href":"https:\/\/seidenbuch-odw.de\/index.php?rest_route=\/wp\/v2\/types\/page"}],"author":[{"embeddable":true,"href":"https:\/\/seidenbuch-odw.de\/index.php?rest_route=\/wp\/v2\/users\/1"}],"replies":[{"embeddable":true,"href":"https:\/\/seidenbuch-odw.de\/index.php?rest_route=%2Fwp%2Fv2%2Fcomments&post=243"}],"version-history":[{"count":4,"href":"https:\/\/seidenbuch-odw.de\/index.php?rest_route=\/wp\/v2\/pages\/243\/revisions"}],"predecessor-version":[{"id":851,"href":"https:\/\/seidenbuch-odw.de\/index.php?rest_route=\/wp\/v2\/pages\/243\/revisions\/851"}],"up":[{"embeddable":true,"href":"https:\/\/seidenbuch-odw.de\/index.php?rest_route=\/wp\/v2\/pages\/27"}],"wp:attachment":[{"href":"https:\/\/seidenbuch-odw.de\/index.php?rest_route=%2Fwp%2Fv2%2Fmedia&parent=243"}],"curies":[{"name":"wp","href":"https:\/\/api.w.org\/{rel}","templated":true}]}}