{"id":247,"date":"2011-05-21T17:09:57","date_gmt":"2011-05-21T17:09:57","guid":{"rendered":"http:\/\/seidenbuch-odw.de\/blog\/?page_id=247"},"modified":"2011-05-31T20:06:40","modified_gmt":"2011-05-31T20:06:40","slug":"ehrenmal","status":"publish","type":"page","link":"https:\/\/seidenbuch-odw.de\/?page_id=247","title":{"rendered":"Ehrenmal"},"content":{"rendered":"<p>In Selbsthilfe entstand im Jahre 1926 das vorbildliche Ehrenmal, das  die Seidenbucher ihren 16 im Ersten Weltkrief gefallenen V\u00e4tern und  S\u00f6hnen  gesetzt haben. Es wurde am 22. August 1926 eingeweiht. F\u00fcr die  14 im  Zweiten Weltkrieg gefallenen und 3 Vermissten wurde es 1959  erweitert.<\/p>\n<p><a href=\"http:\/\/seidenbuch-odw.de\/wp-content\/uploads\/2011\/05\/denkmal1.jpg\" rel=\"lightbox[247]\"><img loading=\"lazy\" decoding=\"async\" class=\"alignnone\" title=\"Das Ehrenmal\" src=\"http:\/\/seidenbuch-odw.de\/wp-content\/uploads\/2011\/05\/denkmal1-150x150.jpg\" alt=\"\" width=\"150\" height=\"150\" \/><\/a><\/p>\n","protected":false},"excerpt":{"rendered":"<p>In Selbsthilfe entstand im Jahre 1926 das vorbildliche Ehrenmal, das die Seidenbucher ihren 16 im Ersten Weltkrief gefallenen V\u00e4tern und S\u00f6hnen gesetzt haben. Es wurde am 22. August 1926 eingeweiht. F\u00fcr die 14 im Zweiten Weltkrieg gefallenen und 3 Vermissten &hellip; <a href=\"https:\/\/seidenbuch-odw.de\/?page_id=247\">Weiterlesen <span class=\"meta-nav\">&rarr;<\/span><\/a><\/p>\n","protected":false},"author":1,"featured_media":0,"parent":27,"menu_order":0,"comment_status":"open","ping_status":"open","template":"","meta":{"footnotes":""},"class_list":["post-247","page","type-page","status-publish","hentry"],"_links":{"self":[{"href":"https:\/\/seidenbuch-odw.de\/index.php?rest_route=\/wp\/v2\/pages\/247","targetHints":{"allow":["GET"]}}],"collection":[{"href":"https:\/\/seidenbuch-odw.de\/index.php?rest_route=\/wp\/v2\/pages"}],"about":[{"href":"https:\/\/seidenbuch-odw.de\/index.php?rest_route=\/wp\/v2\/types\/page"}],"author":[{"embeddable":true,"href":"https:\/\/seidenbuch-odw.de\/index.php?rest_route=\/wp\/v2\/users\/1"}],"replies":[{"embeddable":true,"href":"https:\/\/seidenbuch-odw.de\/index.php?rest_route=%2Fwp%2Fv2%2Fcomments&post=247"}],"version-history":[{"count":4,"href":"https:\/\/seidenbuch-odw.de\/index.php?rest_route=\/wp\/v2\/pages\/247\/revisions"}],"predecessor-version":[{"id":996,"href":"https:\/\/seidenbuch-odw.de\/index.php?rest_route=\/wp\/v2\/pages\/247\/revisions\/996"}],"up":[{"embeddable":true,"href":"https:\/\/seidenbuch-odw.de\/index.php?rest_route=\/wp\/v2\/pages\/27"}],"wp:attachment":[{"href":"https:\/\/seidenbuch-odw.de\/index.php?rest_route=%2Fwp%2Fv2%2Fmedia&parent=247"}],"curies":[{"name":"wp","href":"https:\/\/api.w.org\/{rel}","templated":true}]}}