{"id":251,"date":"2011-05-21T17:11:01","date_gmt":"2011-05-21T17:11:01","guid":{"rendered":"http:\/\/seidenbuch-odw.de\/blog\/?page_id=251"},"modified":"2014-11-01T10:15:37","modified_gmt":"2014-11-01T10:15:37","slug":"mathildenruhe","status":"publish","type":"page","link":"https:\/\/seidenbuch-odw.de\/?page_id=251","title":{"rendered":"Mathildenruhe"},"content":{"rendered":"<p>Die  Mathildenruhe wurde wohl nach Gro\u00dfherzogin  Mathilde von  Hessen-Darmstadt benannt. Mathilde (30.08.1813 &#8211;  25.05.1862) war die  Tochter K\u00f6nig Ludwigs I von Bayern und somit  bayerische Prinzessin,  bevor sie am 26.12.1833 den sp\u00e4teren Gro\u00dfherzog  Ludwig III von Hessen  und bei Rhein evangelisch und katholisch  heiratete. Ab dem 18.06.1848  war dieser Gro\u00dfherzog. Mathilde starb am  25.05.1862, Ludwig III von  Hessen und bei Rhein am 13.06.1877.<\/p>\n<p>Heute  ist die 576m hoch gelegene Mathildenruhe, die fr\u00fcher auch die   \u201eKrehbergs-Aussicht\u201c genannt wurde, ein beliebtes Ausflugsziel f\u00fcr   Wanderer. Durch ihre einmalige Lage beschert die Mathildenruhe eine   wunderbare Aussicht.<\/p>\n<p>Der vom Odenwaldklub konzipierte und ausgewiesene <a title=\"Opens external link in new window\" href=\"http:\/\/www.nibelungensteig.info\/\" target=\"_blank\">Nibelungensteig<\/a> f\u00fchrt an der Mathildenruhe vorbei.<\/p>\n<p>Eine Wanderkarte rund um Seidenbuch zum Ausdrucken k\u00f6nnen Sie <a title=\"Download der Wanderkarte\" href=\"http:\/\/seidenbuch-odw.de\/wp-content\/uploads\/2011\/05\/wanderkarte_seidenbuch.jpg.zip\">hier<\/a> herunterladen.<\/p>\n<div id='gallery-1' class='gallery galleryid-251 gallery-columns-4 gallery-size-thumbnail'><dl class='gallery-item'>\n\t\t\t<dt class='gallery-icon landscape'>\n\t\t\t\t<a href='https:\/\/seidenbuch-odw.de\/wp-content\/uploads\/2011\/05\/mathildenruhe_2_aussicht1.jpg' rel=\"lightbox[251]\"><img loading=\"lazy\" decoding=\"async\" width=\"150\" height=\"150\" src=\"https:\/\/seidenbuch-odw.de\/wp-content\/uploads\/2011\/05\/mathildenruhe_2_aussicht1-150x150.jpg\" class=\"attachment-thumbnail size-thumbnail\" alt=\"\" \/><\/a>\n\t\t\t<\/dt><\/dl><dl class='gallery-item'>\n\t\t\t<dt class='gallery-icon landscape'>\n\t\t\t\t<a href='https:\/\/seidenbuch-odw.de\/wp-content\/uploads\/2011\/05\/mathildenruhe_11.jpg' rel=\"lightbox[251]\"><img loading=\"lazy\" decoding=\"async\" width=\"150\" height=\"150\" src=\"https:\/\/seidenbuch-odw.de\/wp-content\/uploads\/2011\/05\/mathildenruhe_11-150x150.jpg\" class=\"attachment-thumbnail size-thumbnail\" alt=\"\" \/><\/a>\n\t\t\t<\/dt><\/dl><dl class='gallery-item'>\n\t\t\t<dt class='gallery-icon portrait'>\n\t\t\t\t<a href='https:\/\/seidenbuch-odw.de\/wp-content\/uploads\/2011\/05\/wanderweg_13.jpg' rel=\"lightbox[251]\"><img loading=\"lazy\" decoding=\"async\" width=\"150\" height=\"150\" src=\"https:\/\/seidenbuch-odw.de\/wp-content\/uploads\/2011\/05\/wanderweg_13-150x150.jpg\" class=\"attachment-thumbnail size-thumbnail\" alt=\"\" \/><\/a>\n\t\t\t<\/dt><\/dl><dl class='gallery-item'>\n\t\t\t<dt class='gallery-icon portrait'>\n\t\t\t\t<a href='https:\/\/seidenbuch-odw.de\/wp-content\/uploads\/2011\/05\/wanderweg_21.jpg' rel=\"lightbox[251]\"><img loading=\"lazy\" decoding=\"async\" width=\"150\" height=\"150\" src=\"https:\/\/seidenbuch-odw.de\/wp-content\/uploads\/2011\/05\/wanderweg_21-150x150.jpg\" class=\"attachment-thumbnail size-thumbnail\" alt=\"\" \/><\/a>\n\t\t\t<\/dt><\/dl><br style=\"clear: both\" \/><dl class='gallery-item'>\n\t\t\t<dt class='gallery-icon landscape'>\n\t\t\t\t<a href='https:\/\/seidenbuch-odw.de\/wp-content\/uploads\/2011\/05\/wanderkarte_seidenbuch1.jpg' rel=\"lightbox[251]\"><img loading=\"lazy\" decoding=\"async\" width=\"150\" height=\"150\" src=\"https:\/\/seidenbuch-odw.de\/wp-content\/uploads\/2011\/05\/wanderkarte_seidenbuch1-150x150.jpg\" class=\"attachment-thumbnail size-thumbnail\" alt=\"\" \/><\/a>\n\t\t\t<\/dt><\/dl>\n\t\t\t<br style='clear: both' \/>\n\t\t<\/div>\n\n","protected":false},"excerpt":{"rendered":"<p>Die Mathildenruhe wurde wohl nach Gro\u00dfherzogin Mathilde von Hessen-Darmstadt benannt. Mathilde (30.08.1813 &#8211; 25.05.1862) war die Tochter K\u00f6nig Ludwigs I von Bayern und somit bayerische Prinzessin, bevor sie am 26.12.1833 den sp\u00e4teren Gro\u00dfherzog Ludwig III von Hessen und bei Rhein &hellip; <a href=\"https:\/\/seidenbuch-odw.de\/?page_id=251\">Weiterlesen <span class=\"meta-nav\">&rarr;<\/span><\/a><\/p>\n","protected":false},"author":1,"featured_media":0,"parent":27,"menu_order":0,"comment_status":"open","ping_status":"open","template":"","meta":{"footnotes":""},"class_list":["post-251","page","type-page","status-publish","hentry"],"_links":{"self":[{"href":"https:\/\/seidenbuch-odw.de\/index.php?rest_route=\/wp\/v2\/pages\/251","targetHints":{"allow":["GET"]}}],"collection":[{"href":"https:\/\/seidenbuch-odw.de\/index.php?rest_route=\/wp\/v2\/pages"}],"about":[{"href":"https:\/\/seidenbuch-odw.de\/index.php?rest_route=\/wp\/v2\/types\/page"}],"author":[{"embeddable":true,"href":"https:\/\/seidenbuch-odw.de\/index.php?rest_route=\/wp\/v2\/users\/1"}],"replies":[{"embeddable":true,"href":"https:\/\/seidenbuch-odw.de\/index.php?rest_route=%2Fwp%2Fv2%2Fcomments&post=251"}],"version-history":[{"count":8,"href":"https:\/\/seidenbuch-odw.de\/index.php?rest_route=\/wp\/v2\/pages\/251\/revisions"}],"predecessor-version":[{"id":331,"href":"https:\/\/seidenbuch-odw.de\/index.php?rest_route=\/wp\/v2\/pages\/251\/revisions\/331"}],"up":[{"embeddable":true,"href":"https:\/\/seidenbuch-odw.de\/index.php?rest_route=\/wp\/v2\/pages\/27"}],"wp:attachment":[{"href":"https:\/\/seidenbuch-odw.de\/index.php?rest_route=%2Fwp%2Fv2%2Fmedia&parent=251"}],"curies":[{"name":"wp","href":"https:\/\/api.w.org\/{rel}","templated":true}]}}