{"id":263,"date":"2011-05-21T17:17:18","date_gmt":"2011-05-21T17:17:18","guid":{"rendered":"http:\/\/seidenbuch-odw.de\/blog\/?page_id=263"},"modified":"2011-05-31T09:43:30","modified_gmt":"2011-05-31T09:43:30","slug":"der-name-seidenbuch","status":"publish","type":"page","link":"https:\/\/seidenbuch-odw.de\/?page_id=263","title":{"rendered":"Der Name &#8222;Seidenbuch&#8220;"},"content":{"rendered":"<p>Die H\u00e4nge des Krehbergs (576 m) tragen seit der  Bronzezeit (1800 v.   Chr.) einen kr\u00e4ftigen Buchenwald, in der Fachsprache  bodensaurer   Berg-Buchenwald genannt, \u00e4hnlich wie auf dem Krehberg,  Melibokus,   Felsberg und Neunkirchner H\u00f6he.<\/p>\n<p>Bereits im 16. Jahrhundert hie\u00df das Gebiet am Krehberg \u201eDie seidenen Buchen\u201c. Daraus leitet sich der Name der Ortschaft ab.<\/p>\n<p>F\u00fcr das Wachstum  von Buchen sind die B\u00f6den und die Lage Seidenbuchs   ideal. Die h\u00f6chste  gemessene Buche hatte eine L\u00e4nge von 52 Metern. In   dieser Gegend wachsen  die h\u00f6chsten Buchen des fr\u00fcheren Volksstaates   Hessen.<\/p>\n<div id='gallery-1' class='gallery galleryid-263 gallery-columns-3 gallery-size-thumbnail'><dl class='gallery-item'>\n\t\t\t<dt class='gallery-icon landscape'>\n\t\t\t\t<a href='https:\/\/seidenbuch-odw.de\/wp-content\/uploads\/2011\/05\/salbuch_seidenbuch_wald1.jpg' rel=\"lightbox[263]\"><img loading=\"lazy\" decoding=\"async\" width=\"150\" height=\"150\" src=\"https:\/\/seidenbuch-odw.de\/wp-content\/uploads\/2011\/05\/salbuch_seidenbuch_wald1-150x150.jpg\" class=\"attachment-thumbnail size-thumbnail\" alt=\"\" srcset=\"https:\/\/seidenbuch-odw.de\/wp-content\/uploads\/2011\/05\/salbuch_seidenbuch_wald1-150x150.jpg 150w, https:\/\/seidenbuch-odw.de\/wp-content\/uploads\/2011\/05\/salbuch_seidenbuch_wald1-300x297.jpg 300w, https:\/\/seidenbuch-odw.de\/wp-content\/uploads\/2011\/05\/salbuch_seidenbuch_wald1.jpg 800w\" sizes=\"auto, (max-width: 150px) 100vw, 150px\" \/><\/a>\n\t\t\t<\/dt><\/dl><dl class='gallery-item'>\n\t\t\t<dt class='gallery-icon portrait'>\n\t\t\t\t<a href='https:\/\/seidenbuch-odw.de\/wp-content\/uploads\/2011\/05\/buchen_1.jpg' rel=\"lightbox[263]\"><img loading=\"lazy\" decoding=\"async\" width=\"150\" height=\"150\" src=\"https:\/\/seidenbuch-odw.de\/wp-content\/uploads\/2011\/05\/buchen_1-150x150.jpg\" class=\"attachment-thumbnail size-thumbnail\" alt=\"\" \/><\/a>\n\t\t\t<\/dt><\/dl><dl class='gallery-item'>\n\t\t\t<dt class='gallery-icon portrait'>\n\t\t\t\t<a href='https:\/\/seidenbuch-odw.de\/wp-content\/uploads\/2011\/05\/buchen_2.jpg' rel=\"lightbox[263]\"><img loading=\"lazy\" decoding=\"async\" width=\"150\" height=\"150\" src=\"https:\/\/seidenbuch-odw.de\/wp-content\/uploads\/2011\/05\/buchen_2-150x150.jpg\" class=\"attachment-thumbnail size-thumbnail\" alt=\"\" \/><\/a>\n\t\t\t<\/dt><\/dl><br style=\"clear: both\" \/>\n\t\t<\/div>\n\n","protected":false},"excerpt":{"rendered":"<p>Die H\u00e4nge des Krehbergs (576 m) tragen seit der Bronzezeit (1800 v. Chr.) einen kr\u00e4ftigen Buchenwald, in der Fachsprache bodensaurer Berg-Buchenwald genannt, \u00e4hnlich wie auf dem Krehberg, Melibokus, Felsberg und Neunkirchner H\u00f6he. Bereits im 16. Jahrhundert hie\u00df das Gebiet am &hellip; <a href=\"https:\/\/seidenbuch-odw.de\/?page_id=263\">Weiterlesen <span class=\"meta-nav\">&rarr;<\/span><\/a><\/p>\n","protected":false},"author":1,"featured_media":0,"parent":31,"menu_order":0,"comment_status":"open","ping_status":"closed","template":"","meta":{"footnotes":""},"class_list":["post-263","page","type-page","status-publish","hentry"],"_links":{"self":[{"href":"https:\/\/seidenbuch-odw.de\/index.php?rest_route=\/wp\/v2\/pages\/263","targetHints":{"allow":["GET"]}}],"collection":[{"href":"https:\/\/seidenbuch-odw.de\/index.php?rest_route=\/wp\/v2\/pages"}],"about":[{"href":"https:\/\/seidenbuch-odw.de\/index.php?rest_route=\/wp\/v2\/types\/page"}],"author":[{"embeddable":true,"href":"https:\/\/seidenbuch-odw.de\/index.php?rest_route=\/wp\/v2\/users\/1"}],"replies":[{"embeddable":true,"href":"https:\/\/seidenbuch-odw.de\/index.php?rest_route=%2Fwp%2Fv2%2Fcomments&post=263"}],"version-history":[{"count":6,"href":"https:\/\/seidenbuch-odw.de\/index.php?rest_route=\/wp\/v2\/pages\/263\/revisions"}],"predecessor-version":[{"id":321,"href":"https:\/\/seidenbuch-odw.de\/index.php?rest_route=\/wp\/v2\/pages\/263\/revisions\/321"}],"up":[{"embeddable":true,"href":"https:\/\/seidenbuch-odw.de\/index.php?rest_route=\/wp\/v2\/pages\/31"}],"wp:attachment":[{"href":"https:\/\/seidenbuch-odw.de\/index.php?rest_route=%2Fwp%2Fv2%2Fmedia&parent=263"}],"curies":[{"name":"wp","href":"https:\/\/api.w.org\/{rel}","templated":true}]}}