{"id":268,"date":"2011-05-21T17:23:55","date_gmt":"2011-05-21T17:23:55","guid":{"rendered":"http:\/\/seidenbuch-odw.de\/blog\/?page_id=268"},"modified":"2011-05-31T09:43:48","modified_gmt":"2011-05-31T09:43:48","slug":"steinbruch","status":"publish","type":"page","link":"https:\/\/seidenbuch-odw.de\/?page_id=268","title":{"rendered":"Steinbruch"},"content":{"rendered":"<p>In der Mitte des 19. Jahrhunderts spielte dann  f\u00fcr einige Jahre der   Bergbau mit dem Abbau von Graphit und Kupfer eine  wichtige Rolle. Mit   dem Anlegen von Steinbr\u00fcchen kamen Fachkr\u00e4fte aus  dem Fichtelgebirge,   aus Bayern und Italien nach Seidenbuch.<\/p>\n<p>Bis  zum zweiten Weltkrieg wurden viele der Steinbr\u00fcche wieder   geschlossen.  Noch heute sind einige \u00dcberbleibsel in den Seidenbucher   W\u00e4ldern zu  finden.<\/p>\n<h1><div id='gallery-1' class='gallery galleryid-268 gallery-columns-2 gallery-size-thumbnail'><dl class='gallery-item'>\n\t\t\t<dt class='gallery-icon landscape'>\n\t\t\t\t<a href='https:\/\/seidenbuch-odw.de\/wp-content\/uploads\/2011\/05\/steinbruch_alt.jpg' rel=\"lightbox[268]\"><img loading=\"lazy\" decoding=\"async\" width=\"150\" height=\"150\" src=\"https:\/\/seidenbuch-odw.de\/wp-content\/uploads\/2011\/05\/steinbruch_alt-150x150.jpg\" class=\"attachment-thumbnail size-thumbnail\" alt=\"\" \/><\/a>\n\t\t\t<\/dt><\/dl><dl class='gallery-item'>\n\t\t\t<dt class='gallery-icon landscape'>\n\t\t\t\t<a href='https:\/\/seidenbuch-odw.de\/wp-content\/uploads\/2011\/05\/steinbruch_2.jpg' rel=\"lightbox[268]\"><img loading=\"lazy\" decoding=\"async\" width=\"150\" height=\"150\" src=\"https:\/\/seidenbuch-odw.de\/wp-content\/uploads\/2011\/05\/steinbruch_2-150x150.jpg\" class=\"attachment-thumbnail size-thumbnail\" alt=\"\" \/><\/a>\n\t\t\t<\/dt><\/dl><br style=\"clear: both\" \/>\n\t\t<\/div>\n<\/h1>\n","protected":false},"excerpt":{"rendered":"<p>In der Mitte des 19. Jahrhunderts spielte dann f\u00fcr einige Jahre der Bergbau mit dem Abbau von Graphit und Kupfer eine wichtige Rolle. Mit dem Anlegen von Steinbr\u00fcchen kamen Fachkr\u00e4fte aus dem Fichtelgebirge, aus Bayern und Italien nach Seidenbuch. Bis &hellip; <a href=\"https:\/\/seidenbuch-odw.de\/?page_id=268\">Weiterlesen <span class=\"meta-nav\">&rarr;<\/span><\/a><\/p>\n","protected":false},"author":1,"featured_media":0,"parent":31,"menu_order":0,"comment_status":"open","ping_status":"open","template":"","meta":{"footnotes":""},"class_list":["post-268","page","type-page","status-publish","hentry"],"_links":{"self":[{"href":"https:\/\/seidenbuch-odw.de\/index.php?rest_route=\/wp\/v2\/pages\/268","targetHints":{"allow":["GET"]}}],"collection":[{"href":"https:\/\/seidenbuch-odw.de\/index.php?rest_route=\/wp\/v2\/pages"}],"about":[{"href":"https:\/\/seidenbuch-odw.de\/index.php?rest_route=\/wp\/v2\/types\/page"}],"author":[{"embeddable":true,"href":"https:\/\/seidenbuch-odw.de\/index.php?rest_route=\/wp\/v2\/users\/1"}],"replies":[{"embeddable":true,"href":"https:\/\/seidenbuch-odw.de\/index.php?rest_route=%2Fwp%2Fv2%2Fcomments&post=268"}],"version-history":[{"count":4,"href":"https:\/\/seidenbuch-odw.de\/index.php?rest_route=\/wp\/v2\/pages\/268\/revisions"}],"predecessor-version":[{"id":272,"href":"https:\/\/seidenbuch-odw.de\/index.php?rest_route=\/wp\/v2\/pages\/268\/revisions\/272"}],"up":[{"embeddable":true,"href":"https:\/\/seidenbuch-odw.de\/index.php?rest_route=\/wp\/v2\/pages\/31"}],"wp:attachment":[{"href":"https:\/\/seidenbuch-odw.de\/index.php?rest_route=%2Fwp%2Fv2%2Fmedia&parent=268"}],"curies":[{"name":"wp","href":"https:\/\/api.w.org\/{rel}","templated":true}]}}