{"id":29,"date":"2011-05-20T20:28:06","date_gmt":"2011-05-20T20:28:06","guid":{"rendered":"http:\/\/seidenbuch-odw.de\/blog\/?page_id=29"},"modified":"2011-05-25T11:00:32","modified_gmt":"2011-05-25T11:00:32","slug":"essen-und-trinken","status":"publish","type":"page","link":"https:\/\/seidenbuch-odw.de\/?page_id=29","title":{"rendered":"Essen und Trinken"},"content":{"rendered":"<p>Kehren Sie ein in eine von Seidenbuchs Gastst\u00e4tten und genie\u00dfen Sie frische Hausmannskost und andere pr\u00e4mierte Speisen und Getr\u00e4nke im Herzen der Natur.<\/p>\n","protected":false},"excerpt":{"rendered":"<p>Kehren Sie ein in eine von Seidenbuchs Gastst\u00e4tten und genie\u00dfen Sie frische Hausmannskost und andere pr\u00e4mierte Speisen und Getr\u00e4nke im Herzen der Natur.<\/p>\n","protected":false},"author":1,"featured_media":0,"parent":0,"menu_order":4,"comment_status":"open","ping_status":"closed","template":"","meta":{"footnotes":""},"class_list":["post-29","page","type-page","status-publish","hentry"],"_links":{"self":[{"href":"https:\/\/seidenbuch-odw.de\/index.php?rest_route=\/wp\/v2\/pages\/29","targetHints":{"allow":["GET"]}}],"collection":[{"href":"https:\/\/seidenbuch-odw.de\/index.php?rest_route=\/wp\/v2\/pages"}],"about":[{"href":"https:\/\/seidenbuch-odw.de\/index.php?rest_route=\/wp\/v2\/types\/page"}],"author":[{"embeddable":true,"href":"https:\/\/seidenbuch-odw.de\/index.php?rest_route=\/wp\/v2\/users\/1"}],"replies":[{"embeddable":true,"href":"https:\/\/seidenbuch-odw.de\/index.php?rest_route=%2Fwp%2Fv2%2Fcomments&post=29"}],"version-history":[{"count":7,"href":"https:\/\/seidenbuch-odw.de\/index.php?rest_route=\/wp\/v2\/pages\/29\/revisions"}],"predecessor-version":[{"id":461,"href":"https:\/\/seidenbuch-odw.de\/index.php?rest_route=\/wp\/v2\/pages\/29\/revisions\/461"}],"wp:attachment":[{"href":"https:\/\/seidenbuch-odw.de\/index.php?rest_route=%2Fwp%2Fv2%2Fmedia&parent=29"}],"curies":[{"name":"wp","href":"https:\/\/api.w.org\/{rel}","templated":true}]}}