{"id":325,"date":"2011-05-21T17:50:05","date_gmt":"2011-05-21T17:50:05","guid":{"rendered":"http:\/\/seidenbuch-odw.de\/blog\/?page_id=325"},"modified":"2011-05-31T09:43:40","modified_gmt":"2011-05-31T09:43:40","slug":"ortsgrundung-und-glashutte-2","status":"publish","type":"page","link":"https:\/\/seidenbuch-odw.de\/?page_id=325","title":{"rendered":"Ortsgr\u00fcndung und Glash\u00fctte"},"content":{"rendered":"<p>Um die Nutzung des Waldes bewarben sich nach dem  Wegzug des    Kurf\u00fcrsten von Mannheim nach M\u00fcnchen nach 1778 zwei  Schmiede. Eine    Waffenschmiede wollte Wolfgang Renner aus Wald-Michelbach  aufbauen und    der Mannheimer Hofkellermeister Franz Friederich wollte  eine  Glash\u00fctte   errichten. Letzterer erhielt den Vorzug, den der Kurf\u00fcrst   in M\u00fcnchen   mit einer <a title=\"Urkunde Ortsgr\u00fcndung Seidenbuch\" href=\"http:\/\/seidenbuch-odw.de\/blog\/wp-content\/uploads\/2011\/05\/urkunde_gruendung_seidenbuch.pdf\" target=\"_blank\">Urkunde<\/a> besiegelte. Die Urkunde wurde am 15.   Februar 1782   unterschrieben und dieses Datum darf also mit Recht als   Geburtstag der   Gemeinde Seidenbuch betrachtet werden.<\/p>\n<p>Die Urkunde  ging nach Mannheim und wurde dort erst elf Monate sp\u00e4ter    (20. Januar  1783) von der dortigen Regierung gegengezeichnet und    bekr\u00e4ftigt. Kellermeister Franz Friederich hat zum Bau und Betrieb der    Glash\u00fctte  eine Gesellschaft gegr\u00fcndet.<\/p>\n<p>Bereits nach  18 Jahren im Jahre 1800 berichtet Friederich, im  letzten   Winter sei das  Holz f\u00fcr die Glash\u00fctte v\u00f6llig aufgezehrt  gewesen,   weshalb die Glasproduktion eingestellt worden sei. Er  entschloss sich,   eine  Wollmanufraktur und eine Tabakfabrik  einzurichten. Bereits 1812   wurde  die Wollfabrik geschlossen, die  Tabakfabrik war noch 1831 im   Gange.<\/p>\n<p>Auch heute wird Seidenbuch noch umgangssprachlich \u201eDie Glash\u00fctt\u201c genannt.<\/p>\n<div id='gallery-1' class='gallery galleryid-325 gallery-columns-4 gallery-size-thumbnail'><dl class='gallery-item'>\n\t\t\t<dt class='gallery-icon landscape'>\n\t\t\t\t<a href='https:\/\/seidenbuch-odw.de\/wp-content\/uploads\/2011\/05\/glashuette_21.jpg' rel=\"lightbox[325]\"><img loading=\"lazy\" decoding=\"async\" width=\"150\" height=\"150\" src=\"https:\/\/seidenbuch-odw.de\/wp-content\/uploads\/2011\/05\/glashuette_21-150x150.jpg\" class=\"attachment-thumbnail size-thumbnail\" alt=\"\" \/><\/a>\n\t\t\t<\/dt><\/dl><dl class='gallery-item'>\n\t\t\t<dt class='gallery-icon landscape'>\n\t\t\t\t<a href='https:\/\/seidenbuch-odw.de\/wp-content\/uploads\/2011\/05\/obergasse_seidenbuch_um19151.jpg' rel=\"lightbox[325]\"><img loading=\"lazy\" decoding=\"async\" width=\"150\" height=\"150\" src=\"https:\/\/seidenbuch-odw.de\/wp-content\/uploads\/2011\/05\/obergasse_seidenbuch_um19151-150x150.jpg\" class=\"attachment-thumbnail size-thumbnail\" alt=\"\" \/><\/a>\n\t\t\t<\/dt><\/dl><dl class='gallery-item'>\n\t\t\t<dt class='gallery-icon portrait'>\n\t\t\t\t<a href='https:\/\/seidenbuch-odw.de\/wp-content\/uploads\/2011\/05\/glasofen1.jpg' rel=\"lightbox[325]\"><img loading=\"lazy\" decoding=\"async\" width=\"150\" height=\"150\" src=\"https:\/\/seidenbuch-odw.de\/wp-content\/uploads\/2011\/05\/glasofen1-150x150.jpg\" class=\"attachment-thumbnail size-thumbnail\" alt=\"\" \/><\/a>\n\t\t\t<\/dt><\/dl><dl class='gallery-item'>\n\t\t\t<dt class='gallery-icon landscape'>\n\t\t\t\t<a href='https:\/\/seidenbuch-odw.de\/wp-content\/uploads\/2011\/05\/salbuch_seidenbuch_wald.jpg' rel=\"lightbox[325]\"><img loading=\"lazy\" decoding=\"async\" width=\"150\" height=\"150\" src=\"https:\/\/seidenbuch-odw.de\/wp-content\/uploads\/2011\/05\/salbuch_seidenbuch_wald-150x150.jpg\" class=\"attachment-thumbnail size-thumbnail\" alt=\"\" srcset=\"https:\/\/seidenbuch-odw.de\/wp-content\/uploads\/2011\/05\/salbuch_seidenbuch_wald-150x150.jpg 150w, https:\/\/seidenbuch-odw.de\/wp-content\/uploads\/2011\/05\/salbuch_seidenbuch_wald-300x297.jpg 300w, https:\/\/seidenbuch-odw.de\/wp-content\/uploads\/2011\/05\/salbuch_seidenbuch_wald.jpg 800w\" sizes=\"auto, (max-width: 150px) 100vw, 150px\" \/><\/a>\n\t\t\t<\/dt><\/dl><br style=\"clear: both\" \/><dl class='gallery-item'>\n\t\t\t<dt class='gallery-icon portrait'>\n\t\t\t\t<a href='https:\/\/seidenbuch-odw.de\/wp-content\/uploads\/2011\/05\/seidenbuch_glas2_17841.jpg' rel=\"lightbox[325]\"><img loading=\"lazy\" decoding=\"async\" width=\"150\" height=\"150\" src=\"https:\/\/seidenbuch-odw.de\/wp-content\/uploads\/2011\/05\/seidenbuch_glas2_17841-150x150.jpg\" class=\"attachment-thumbnail size-thumbnail\" alt=\"\" \/><\/a>\n\t\t\t<\/dt><\/dl><dl class='gallery-item'>\n\t\t\t<dt class='gallery-icon landscape'>\n\t\t\t\t<a href='https:\/\/seidenbuch-odw.de\/wp-content\/uploads\/2011\/05\/seidenbuch_glas1_17911.jpg' rel=\"lightbox[325]\"><img loading=\"lazy\" decoding=\"async\" width=\"150\" height=\"150\" src=\"https:\/\/seidenbuch-odw.de\/wp-content\/uploads\/2011\/05\/seidenbuch_glas1_17911-150x150.jpg\" class=\"attachment-thumbnail size-thumbnail\" alt=\"\" \/><\/a>\n\t\t\t<\/dt><\/dl><dl class='gallery-item'>\n\t\t\t<dt class='gallery-icon landscape'>\n\t\t\t\t<a href='https:\/\/seidenbuch-odw.de\/wp-content\/uploads\/2011\/05\/JD5000122.jpg' rel=\"lightbox[325]\"><img loading=\"lazy\" decoding=\"async\" width=\"150\" height=\"150\" src=\"https:\/\/seidenbuch-odw.de\/wp-content\/uploads\/2011\/05\/JD5000122-150x150.jpg\" class=\"attachment-thumbnail size-thumbnail\" alt=\"\" \/><\/a>\n\t\t\t<\/dt><\/dl><dl class='gallery-item'>\n\t\t\t<dt class='gallery-icon landscape'>\n\t\t\t\t<a href='https:\/\/seidenbuch-odw.de\/wp-content\/uploads\/2011\/05\/postkarte1.jpg' rel=\"lightbox[325]\"><img loading=\"lazy\" decoding=\"async\" width=\"150\" height=\"150\" src=\"https:\/\/seidenbuch-odw.de\/wp-content\/uploads\/2011\/05\/postkarte1-150x150.jpg\" class=\"attachment-thumbnail size-thumbnail\" alt=\"\" \/><\/a>\n\t\t\t<\/dt><\/dl><br style=\"clear: both\" \/><dl class='gallery-item'>\n\t\t\t<dt class='gallery-icon landscape'>\n\t\t\t\t<a href='https:\/\/seidenbuch-odw.de\/wp-content\/uploads\/2011\/05\/tracht1.jpg' rel=\"lightbox[325]\"><img loading=\"lazy\" decoding=\"async\" width=\"150\" height=\"150\" src=\"https:\/\/seidenbuch-odw.de\/wp-content\/uploads\/2011\/05\/tracht1-150x150.jpg\" class=\"attachment-thumbnail size-thumbnail\" alt=\"\" \/><\/a>\n\t\t\t<\/dt><\/dl>\n\t\t\t<br style='clear: both' \/>\n\t\t<\/div>\n\n","protected":false},"excerpt":{"rendered":"<p>Um die Nutzung des Waldes bewarben sich nach dem Wegzug des Kurf\u00fcrsten von Mannheim nach M\u00fcnchen nach 1778 zwei Schmiede. Eine Waffenschmiede wollte Wolfgang Renner aus Wald-Michelbach aufbauen und der Mannheimer Hofkellermeister Franz Friederich wollte eine Glash\u00fctte errichten. Letzterer erhielt &hellip; <a href=\"https:\/\/seidenbuch-odw.de\/?page_id=325\">Weiterlesen <span class=\"meta-nav\">&rarr;<\/span><\/a><\/p>\n","protected":false},"author":1,"featured_media":0,"parent":31,"menu_order":0,"comment_status":"open","ping_status":"open","template":"","meta":{"footnotes":""},"class_list":["post-325","page","type-page","status-publish","hentry"],"_links":{"self":[{"href":"https:\/\/seidenbuch-odw.de\/index.php?rest_route=\/wp\/v2\/pages\/325","targetHints":{"allow":["GET"]}}],"collection":[{"href":"https:\/\/seidenbuch-odw.de\/index.php?rest_route=\/wp\/v2\/pages"}],"about":[{"href":"https:\/\/seidenbuch-odw.de\/index.php?rest_route=\/wp\/v2\/types\/page"}],"author":[{"embeddable":true,"href":"https:\/\/seidenbuch-odw.de\/index.php?rest_route=\/wp\/v2\/users\/1"}],"replies":[{"embeddable":true,"href":"https:\/\/seidenbuch-odw.de\/index.php?rest_route=%2Fwp%2Fv2%2Fcomments&post=325"}],"version-history":[{"count":7,"href":"https:\/\/seidenbuch-odw.de\/index.php?rest_route=\/wp\/v2\/pages\/325\/revisions"}],"predecessor-version":[{"id":356,"href":"https:\/\/seidenbuch-odw.de\/index.php?rest_route=\/wp\/v2\/pages\/325\/revisions\/356"}],"up":[{"embeddable":true,"href":"https:\/\/seidenbuch-odw.de\/index.php?rest_route=\/wp\/v2\/pages\/31"}],"wp:attachment":[{"href":"https:\/\/seidenbuch-odw.de\/index.php?rest_route=%2Fwp%2Fv2%2Fmedia&parent=325"}],"curies":[{"name":"wp","href":"https:\/\/api.w.org\/{rel}","templated":true}]}}